{"id":10429,"date":"2020-11-30T10:51:15","date_gmt":"2020-11-30T10:51:15","guid":{"rendered":"http:\/\/csiktaplocaiplebania.ro\/?page_id=10429"},"modified":"2020-11-30T11:01:45","modified_gmt":"2020-11-30T11:01:45","slug":"adventelsogyertya","status":"publish","type":"page","link":"https:\/\/csiktaplocaiplebania.ro\/en\/adventelsogyertya\/","title":{"rendered":"Aranyosi Ervin: Advent \u2013 els\u0151 gyertya"},"content":{"rendered":"\nAdvent els\u0151 vas\u00e1rnapj\u00e1n<br>felgyullad egy gyertya f\u00e9nye.<br>Meleg\u00edtse \u00e1t sz\u00edvedet,<br>legyen f\u00e9nyl\u0151 eredm\u00e9nye.\n<br><br>\nKezd\u0151dik a csodav\u00e1r\u00e1s,<br>ahogy egykor J\u00e9zust v\u00e1rt\u00e1k:<br>szeretettel, bizalommal,<br>a t\u0171z l\u00e1ngj\u00e1t k\u00f6r\u00fcl \u00e1llt\u00e1k.\n<br><br>\nA megv\u00e1lt\u00f3 tiszta f\u00e9nyt hoz,<br>szeretetet, ami \u00e9ltet.<br>Felemel a puszta f\u00f6ldr\u0151l,<br>Isten fi\u00e1v\u00e1 fogad t\u00e9ged.\n<br><br>\nSzeretettel t\u00e1rd ki lelked,<br>\u00f6leld \u00e1t a nagyvil\u00e1got,<br>k\u00edv\u00e1nd azt, hogy minden ember<br>itt a F\u00f6ld\u00f6n, legyen \u00e1ldott!\n","protected":false},"excerpt":{"rendered":"<p>Advent els\u0151 vas\u00e1rnapj\u00e1nfelgyullad egy gyertya f\u00e9nye.Meleg\u00edtse \u00e1t sz\u00edvedet,legyen f\u00e9nyl\u0151 eredm\u00e9nye. Kezd\u0151dik a csodav\u00e1r\u00e1s,ahogy egykor J\u00e9zust v\u00e1rt\u00e1k:szeretettel, bizalommal,a t\u0171z l\u00e1ngj\u00e1t k\u00f6r\u00fcl \u00e1llt\u00e1k. A megv\u00e1lt\u00f3 tiszta f\u00e9nyt hoz,szeretetet, ami \u00e9ltet.Felemel a puszta f\u00f6ldr\u0151l,Isten fi\u00e1v\u00e1 fogad t\u00e9ged. Szeretettel t\u00e1rd ki lelked,\u00f6leld \u00e1t a nagyvil\u00e1got,k\u00edv\u00e1nd azt, hogy minden emberitt a F\u00f6ld\u00f6n, legyen \u00e1ldott!<\/p>\n","protected":false},"author":1,"featured_media":10426,"parent":0,"menu_order":0,"comment_status":"closed","ping_status":"closed","template":"","meta":{"footnotes":""},"class_list":["post-10429","page","type-page","status-publish","has-post-thumbnail","hentry"],"_links":{"self":[{"href":"https:\/\/csiktaplocaiplebania.ro\/en\/wp-json\/wp\/v2\/pages\/10429","targetHints":{"allow":["GET"]}}],"collection":[{"href":"https:\/\/csiktaplocaiplebania.ro\/en\/wp-json\/wp\/v2\/pages"}],"about":[{"href":"https:\/\/csiktaplocaiplebania.ro\/en\/wp-json\/wp\/v2\/types\/page"}],"author":[{"embeddable":true,"href":"https:\/\/csiktaplocaiplebania.ro\/en\/wp-json\/wp\/v2\/users\/1"}],"replies":[{"embeddable":true,"href":"https:\/\/csiktaplocaiplebania.ro\/en\/wp-json\/wp\/v2\/comments?post=10429"}],"version-history":[{"count":3,"href":"https:\/\/csiktaplocaiplebania.ro\/en\/wp-json\/wp\/v2\/pages\/10429\/revisions"}],"predecessor-version":[{"id":10434,"href":"https:\/\/csiktaplocaiplebania.ro\/en\/wp-json\/wp\/v2\/pages\/10429\/revisions\/10434"}],"wp:featuredmedia":[{"embeddable":true,"href":"https:\/\/csiktaplocaiplebania.ro\/en\/wp-json\/wp\/v2\/media\/10426"}],"wp:attachment":[{"href":"https:\/\/csiktaplocaiplebania.ro\/en\/wp-json\/wp\/v2\/media?parent=10429"}],"curies":[{"name":"wp","href":"https:\/\/api.w.org\/{rel}","templated":true}]}}