{"id":10455,"date":"2020-12-14T09:51:19","date_gmt":"2020-12-14T09:51:19","guid":{"rendered":"http:\/\/csiktaplocaiplebania.ro\/?page_id=10455"},"modified":"2020-12-14T09:52:12","modified_gmt":"2020-12-14T09:52:12","slug":"adventharmadikgyertya","status":"publish","type":"page","link":"https:\/\/csiktaplocaiplebania.ro\/en\/adventharmadikgyertya\/","title":{"rendered":"Advent \u2013 harmadik gyertya"},"content":{"rendered":"\n<p>Advent, harmadik vas\u00e1rnap<br>\u00f6r\u00f6mgyerty\u00e1t gy\u00fajtunk,<br>r\u00f3zsasz\u00ednre v\u00e1lt a lelk\u00fcnk,<br>nem nyomaszt a m\u00faltunk.<\/p>\n\n\n\n<p>K\u00f6zeledik a Kar\u00e1csony,<br>\u00f6r\u00f6m gy\u00fal lelk\u00fcnkben,<br>a szeretet \u00e9s a h\u00e1la<br>vend\u00e9g \u00e9let\u00fcnkben.<\/p>\n\n\n\n<p>Az Adventi v\u00e1rakoz\u00e1st<br>m\u00e9g az is fokozza,<br>hogy minden nap, a Kar\u00e1csonyt,<br>m\u00e9g k\u00f6zelebb hozza.<\/p>\n\n\n\n<p>A szeretet \u00fcnnep\u00e9re<br>k\u00e9sz\u00fcl minden l\u00e9lek.<br>H\u00e1rom gyertya l\u00e1ngja f\u00e9nylik,<br>s h\u00e1latelt az \u00e9nek.<\/p>\n","protected":false},"excerpt":{"rendered":"<p>Advent, harmadik vas\u00e1rnap\u00f6r\u00f6mgyerty\u00e1t gy\u00fajtunk,r\u00f3zsasz\u00ednre v\u00e1lt a lelk\u00fcnk,nem nyomaszt a m\u00faltunk. K\u00f6zeledik a Kar\u00e1csony,\u00f6r\u00f6m gy\u00fal lelk\u00fcnkben,a szeretet \u00e9s a h\u00e1lavend\u00e9g \u00e9let\u00fcnkben. Az Adventi v\u00e1rakoz\u00e1stm\u00e9g az is fokozza,hogy minden nap, a Kar\u00e1csonyt,m\u00e9g k\u00f6zelebb hozza. A szeretet \u00fcnnep\u00e9rek\u00e9sz\u00fcl minden l\u00e9lek.H\u00e1rom gyertya l\u00e1ngja f\u00e9nylik,s h\u00e1latelt az \u00e9nek.<\/p>\n","protected":false},"author":1,"featured_media":0,"parent":0,"menu_order":0,"comment_status":"closed","ping_status":"closed","template":"","meta":{"footnotes":""},"class_list":["post-10455","page","type-page","status-publish","hentry"],"_links":{"self":[{"href":"https:\/\/csiktaplocaiplebania.ro\/en\/wp-json\/wp\/v2\/pages\/10455","targetHints":{"allow":["GET"]}}],"collection":[{"href":"https:\/\/csiktaplocaiplebania.ro\/en\/wp-json\/wp\/v2\/pages"}],"about":[{"href":"https:\/\/csiktaplocaiplebania.ro\/en\/wp-json\/wp\/v2\/types\/page"}],"author":[{"embeddable":true,"href":"https:\/\/csiktaplocaiplebania.ro\/en\/wp-json\/wp\/v2\/users\/1"}],"replies":[{"embeddable":true,"href":"https:\/\/csiktaplocaiplebania.ro\/en\/wp-json\/wp\/v2\/comments?post=10455"}],"version-history":[{"count":1,"href":"https:\/\/csiktaplocaiplebania.ro\/en\/wp-json\/wp\/v2\/pages\/10455\/revisions"}],"predecessor-version":[{"id":10456,"href":"https:\/\/csiktaplocaiplebania.ro\/en\/wp-json\/wp\/v2\/pages\/10455\/revisions\/10456"}],"wp:attachment":[{"href":"https:\/\/csiktaplocaiplebania.ro\/en\/wp-json\/wp\/v2\/media?parent=10455"}],"curies":[{"name":"wp","href":"https:\/\/api.w.org\/{rel}","templated":true}]}}