{"id":10932,"date":"2021-12-22T08:27:16","date_gmt":"2021-12-22T08:27:16","guid":{"rendered":"http:\/\/csiktaplocaiplebania.ro\/?page_id=10932"},"modified":"2022-12-20T09:51:02","modified_gmt":"2022-12-20T09:51:02","slug":"hazszentelesekprogramja","status":"publish","type":"page","link":"https:\/\/csiktaplocaiplebania.ro\/en\/hazszentelesekprogramja\/","title":{"rendered":"H\u00e1zszentel\u00e9sek programja 2021. december- 2022. janu\u00e1r  Erd\u0151alja-Csiba \u00e9s Cs\u00edktaploca"},"content":{"rendered":"<a href=\"https:\/\/csiktaplocaiplebania.ro\/wp-content\/uploads\/2021\/12\/hazszenteles-2021-2022.pdf\" class=\"pdfemb-viewer\" style=\"\" data-width=\"max\" data-height=\"max\" data-toolbar=\"bottom\" data-toolbar-fixed=\"off\">hazszenteles-2021-2022<\/a>\n<p class=\"wp-block-pdfemb-pdf-embedder-viewer\"><\/p>\n","protected":false},"excerpt":{"rendered":"","protected":false},"author":1,"featured_media":0,"parent":0,"menu_order":0,"comment_status":"closed","ping_status":"closed","template":"","meta":{"footnotes":""},"class_list":["post-10932","page","type-page","status-publish","hentry"],"_links":{"self":[{"href":"https:\/\/csiktaplocaiplebania.ro\/en\/wp-json\/wp\/v2\/pages\/10932","targetHints":{"allow":["GET"]}}],"collection":[{"href":"https:\/\/csiktaplocaiplebania.ro\/en\/wp-json\/wp\/v2\/pages"}],"about":[{"href":"https:\/\/csiktaplocaiplebania.ro\/en\/wp-json\/wp\/v2\/types\/page"}],"author":[{"embeddable":true,"href":"https:\/\/csiktaplocaiplebania.ro\/en\/wp-json\/wp\/v2\/users\/1"}],"replies":[{"embeddable":true,"href":"https:\/\/csiktaplocaiplebania.ro\/en\/wp-json\/wp\/v2\/comments?post=10932"}],"version-history":[{"count":1,"href":"https:\/\/csiktaplocaiplebania.ro\/en\/wp-json\/wp\/v2\/pages\/10932\/revisions"}],"predecessor-version":[{"id":10934,"href":"https:\/\/csiktaplocaiplebania.ro\/en\/wp-json\/wp\/v2\/pages\/10932\/revisions\/10934"}],"wp:attachment":[{"href":"https:\/\/csiktaplocaiplebania.ro\/en\/wp-json\/wp\/v2\/media?parent=10932"}],"curies":[{"name":"wp","href":"https:\/\/api.w.org\/{rel}","templated":true}]}}