{"id":5020,"date":"2015-05-23T08:27:57","date_gmt":"2015-05-23T08:27:57","guid":{"rendered":"http:\/\/webnus.net\/themes\/churchsuite\/?page_id=5020"},"modified":"2023-12-12T08:50:11","modified_gmt":"2023-12-12T08:50:11","slug":"home-1","status":"publish","type":"page","link":"https:\/\/csiktaplocaiplebania.ro\/en\/","title":{"rendered":"Home 1"},"content":{"rendered":"[vc_row row_type=&#8221;5&#8243; mp4_format=&#8221;http:\/\/webnus.net\/themes\/churchsuite-wp\/remittal\/wp-content\/uploads\/2015\/07\/churchmov.mp4&#8243; align_center=&#8221;aligncenter&#8221; page_title=&#8221;page-title-x&#8221; blox_dark=&#8221;true&#8221; video_fullscreen=&#8221;false&#8221; video_url=&#8221;http:\/\/webnus.net\/themes\/churchsuite-wp\/remittal\/wp-content\/uploads\/2015\/07\/churchmov.mp4&#8243; video_type=&#8221;video\/mp4&#8243;][vc_column][rev_slider_vc alias=&#8221;Slider1&#8243;][\/vc_column][\/vc_row][vc_row][vc_column][vc_column_text]<hr class=\"vertical-space1\"><div class=\"sub-content\"><h6 class=\"h-sub-content\">Miserend<\/h6><\/div><div class=\"container events event-list2\"><\/div>[\/vc_column_text][\/vc_column][\/vc_row][vc_row row_type=&#8221;2&#8243; blox_padding_top=&#8221;70px&#8221; blox_padding_bottom=&#8221;70px&#8221; blox_bgcolor=&#8221;#f6f4f5&#8243;][vc_column width=&#8221;1\/3&#8243;][vc_column_text]<hr class=\"vertical-space1\"><div class=\"teaser-box7\"><a href=\"http:\/\/csiktaplocaiplebania.ro\/adventi-keszulet-2023\/\"><img decoding=\"async\" class=\"teaser-image \" src=\"https:\/\/csiktaplocaiplebania.ro\/wp-content\/uploads\/2023\/12\/advent.png\" alt=\"\"><h4 class=\"teaser-title has-image\">Adventi k\u00e9sz\u00fclet 2023<\/h4><\/a><\/div>[\/vc_column_text][\/vc_column][vc_column width=&#8221;1\/3&#8243;][vc_column_text]\n<hr class=\"vertical-space2\"><div class=\"teaser-box7\"><a href=\"http:\/\/new.csiktaplocaiplebania.ro\/elsopenteki-nagykilenced\/\"><img decoding=\"async\" class=\"teaser-image \" src=\"https:\/\/csiktaplocaiplebania.ro\/wp-content\/uploads\/2020\/02\/Jezus_Szive-768x768-1.jpg\" alt=\"\"><h4 class=\"teaser-title has-image\">ELS\u0150P\u00c9NTEKI NAGYKILENCED<\/h4><\/a><\/div><hr class=\"vertical-space2\">[\/vc_column_text][\/vc_column][vc_column width=&#8221;1\/3&#8243;][vc_column_text]<hr class=\"vertical-space2\"><div class=\"teaser-box7\"><a href=\"http:\/\/csiktaplocaiplebania.ro\/csaladok-keresztutja\"><img decoding=\"async\" class=\"teaser-image \" src=\"https:\/\/csiktaplocaiplebania.ro\/wp-content\/uploads\/2020\/02\/207399_200274050003957_3060360_n_a_keresztut_es_allomasai_1631107_9761.jpg\" alt=\"\"><h4 class=\"teaser-title has-image\">Csal\u00e1dok Kereszt\u00fatja<\/h4><\/a><\/div><hr class=\"vertical-space2\"><hr class=\"vertical-space2\">[\/vc_column_text][\/vc_column][\/vc_row][vc_row row_type=&#8221;2&#8243; blox_image=&#8221;8581&#8243; blox_dark=&#8221;true&#8221;][vc_column width=&#8221;5\/12&#8243;][vc_column_text]<hr class=\"vertical-space4\"><div class=\"sub-content\"><h6 class=\"h-sub-content\">Szentmis\u00e9k<\/h6><\/div><hr class=\"vertical-space1\"><div class=\"container sermons-minimal\">\n<article><a href=\"https:\/\/csiktaplocaiplebania.ro\/en\/sermon\/lelkinap-3-2021-marcius-17\/\"><i class=\"sermon-icon sl-social-youtube\"><\/i><h4>Lelkinap 3 &#8211; 2021 M\u00e1rcius 17<\/h4><\/a><div class=\"sermon-detail\">Speaker: Czik\u00f3 L\u00e1szl\u00f3 id., Istv\u00e1nfi Szil\u00e1rd<\/div><div class=\"media-links\"><a href=\"https:\/\/www.facebook.com\/159236304602541\/videos\/758245171797226\/\" class=\"fancybox-media \" target=\"_self\"><i class=\"fa-play-circle\"><\/i><span class=\"media_label\">WATCH<\/span><\/a><a href=\"https:\/\/csiktaplocaiplebania.ro\/en\/sermon\/lelkinap-3-2021-marcius-17\/\" class=\"\" target=\"_self\"><i class=\"fa-book\"><\/i><span class=\"media_label\">READ MORE<\/span><\/a><\/div><\/article><article><a href=\"https:\/\/csiktaplocaiplebania.ro\/en\/sermon\/lelkinap-2-2021-marcius-16\/\"><i class=\"sermon-icon sl-social-youtube\"><\/i><h4>Lelkinap 2 &#8211; 2021 M\u00e1rcius 16<\/h4><\/a><div class=\"sermon-detail\">Speaker: Czik\u00f3 L\u00e1szl\u00f3 id., Istv\u00e1nfi Szil\u00e1rd<\/div><div class=\"media-links\"><a href=\"https:\/\/csiktaplocaiplebania.ro\/en\/sermon\/lelkinap-2-2021-marcius-16\/\" class=\"\" target=\"_self\"><i class=\"fa-book\"><\/i><span class=\"media_label\">READ MORE<\/span><\/a><\/div><\/article><article><a href=\"https:\/\/csiktaplocaiplebania.ro\/en\/sermon\/lelkinap-1-2021-marcius-15\/\"><i class=\"sermon-icon sl-social-youtube\"><\/i><h4>Lelkinap 1 &#8211; 2021 M\u00e1rcius 15<\/h4><\/a><div class=\"sermon-detail\">Speaker: Czik\u00f3 L\u00e1szl\u00f3 id., Istv\u00e1nfi Szil\u00e1rd<\/div><div class=\"media-links\"><a href=\"https:\/\/csiktaplocaiplebania.ro\/en\/sermon\/lelkinap-1-2021-marcius-15\/\" class=\"\" target=\"_self\"><i class=\"fa-book\"><\/i><span class=\"media_label\">READ MORE<\/span><\/a><\/div><\/article><article><a href=\"https:\/\/csiktaplocaiplebania.ro\/en\/sermon\/szentmise-elo-kozvetites-1030-tol-majus-10-2020\/\"><i class=\"sermon-icon sl-social-youtube\"><\/i><h4>Szentmise &#8211; \u00c9l\u0151 k\u00f6zvet\u00edt\u00e9s 10:30 -t\u00f3l. M\u00e1jus 10. 2020<\/h4><\/a><div class=\"sermon-detail\"><\/div><div class=\"media-links\"><a href=\"https:\/\/www.facebook.com\/159236304602541\/videos\/528583598020761\" class=\"fancybox-media \" target=\"_self\"><i class=\"fa-play-circle\"><\/i><span class=\"media_label\">WATCH<\/span><\/a><a href=\"https:\/\/csiktaplocaiplebania.ro\/en\/sermon\/szentmise-elo-kozvetites-1030-tol-majus-10-2020\/\" class=\"\" target=\"_self\"><i class=\"fa-book\"><\/i><span class=\"media_label\">READ MORE<\/span><\/a><\/div><\/article><article><a href=\"https:\/\/csiktaplocaiplebania.ro\/en\/sermon\/husvetvasarnap-elo-kozvetites-1100-tol-aprilis-12-2020\/\"><i class=\"sermon-icon sl-social-youtube\"><\/i><h4>H\u00daSV\u00c9TVAS\u00c1RNAP. \u00c9l\u0151 k\u00f6zvet\u00edt\u00e9s 11:00 -t\u00f3l. \u00c1prilis 12. 2020<\/h4><\/a><div class=\"sermon-detail\"><\/div><div class=\"media-links\"><a href=\"https:\/\/csiktaplocaiplebania.ro\/en\/sermon\/husvetvasarnap-elo-kozvetites-1100-tol-aprilis-12-2020\/\" class=\"\" target=\"_self\"><i class=\"fa-book\"><\/i><span class=\"media_label\">READ MORE<\/span><\/a><\/div><\/article><\/div><hr class=\"vertical-space4\">[\/vc_column_text][\/vc_column][vc_column width=&#8221;1\/12&#8243;][\/vc_column][vc_column width=&#8221;6\/12&#8243;][vc_column_text]<hr class=\"vertical-space4\"><div class=\"sub-content\"><h6 class=\"h-sub-content\">H\u00edreink<\/h6><\/div><hr class=\"vertical-space1\"><div class=\"latestnews2\"><article class=\"ln-item\">\n\t\t<div class=\"ln-date\"><div class=\"ln-day\">22<\/div><div class=\"ln-month\">Feb<\/div><\/div>\n\t\t<div class=\"ln-content\">\n\t\t\t<h3><a class=\"ln-title\" href=\"https:\/\/csiktaplocaiplebania.ro\/en\/2023\/02\/22\/csiksomlyora-hivjuk-a-ferjeket-edesapakat\/\">CS\u00cdKSOMLY\u00d3RA H\u00cdVJUK A F\u00c9RJEKET, \u00c9DESAP\u00c1KAT<\/a><\/h3>\n\t\t\t<p class=\"ln-excerpt\"><\/p>\n\t\t\t<a href=\"https:\/\/csiktaplocaiplebania.ro\/en\/2023\/02\/22\/csiksomlyora-hivjuk-a-ferjeket-edesapakat\/\" class=\"ln-button magicmore\">Read More<\/a>\n\t\t<\/div>\n\t\t<\/article><article class=\"ln-item\">\n\t\t<div class=\"ln-date\"><div class=\"ln-day\">23<\/div><div class=\"ln-month\">Aug<\/div><\/div>\n\t\t<div class=\"ln-content\">\n\t\t\t<h3><a class=\"ln-title\" href=\"https:\/\/csiktaplocaiplebania.ro\/en\/2021\/08\/23\/budapesti-nemzetkozi-eucharisztikus-kongresszusra-vonatos-zarandoklat\/\">Budapesti Nemzetk\u00f6zi Eucharisztikus Kongresszusra vonatos zar\u00e1ndoklat<\/a><\/h3>\n\t\t\t<p class=\"ln-excerpt\"><\/p>\n\t\t\t<a href=\"https:\/\/csiktaplocaiplebania.ro\/en\/2021\/08\/23\/budapesti-nemzetkozi-eucharisztikus-kongresszusra-vonatos-zarandoklat\/\" class=\"ln-button magicmore\">Read More<\/a>\n\t\t<\/div>\n\t\t<\/article><article class=\"ln-item\">\n\t\t<div class=\"ln-date\"><div class=\"ln-day\">28<\/div><div class=\"ln-month\">Mar<\/div><\/div>\n\t\t<div class=\"ln-content\">\n\t\t\t<h3><a class=\"ln-title\" href=\"https:\/\/csiktaplocaiplebania.ro\/en\/2021\/03\/28\/nagyszombati-szentsegimadas-programja-2021-aprilis-3\/\">NAGYSZOMBATI  SZENTS\u00c9GIM\u00c1D\u00c1S PROGRAMJA &#8211; 2021. \u00e1prilis 3.<\/a><\/h3>\n\t\t\t<p class=\"ln-excerpt\">1 V\u00edzszentel\u00e9s, ut\u00e1na els\u0151\u00e1ldoz\u00f3k,hittanosok \u00e9s ifj\u00fas\u00e1g 9-10 \u00f3ra 2 S\u00e1ndor Tibor f\u00e9rfi r\u00f3zsaf\u00fcz\u00e9r csoportja 10-11...<\/p>\n\t\t\t<a href=\"https:\/\/csiktaplocaiplebania.ro\/en\/2021\/03\/28\/nagyszombati-szentsegimadas-programja-2021-aprilis-3\/\" class=\"ln-button magicmore\">Read More<\/a>\n\t\t<\/div>\n\t\t<\/article><\/div><hr class=\"vertical-space4\">[\/vc_column_text][\/vc_column][\/vc_row][vc_row][vc_column][\/vc_column][\/vc_row]\n","protected":false},"excerpt":{"rendered":"<p>[vc_row row_type=&#8221;5&#8243; mp4_format=&#8221;http:\/\/webnus.net\/themes\/churchsuite-wp\/remittal\/wp-content\/uploads\/2015\/07\/churchmov.mp4&#8243; align_center=&#8221;aligncenter&#8221; page_title=&#8221;page-title-x&#8221; blox_dark=&#8221;true&#8221; video_fullscreen=&#8221;false&#8221; video_url=&#8221;http:\/\/webnus.net\/themes\/churchsuite-wp\/remittal\/wp-content\/uploads\/2015\/07\/churchmov.mp4&#8243; video_type=&#8221;video\/mp4&#8243;][vc_column][rev_slider_vc alias=&#8221;Slider1&#8243;][\/vc_column][\/vc_row][vc_row][vc_column][vc_column_text][\/vc_column_text][\/vc_column][\/vc_row][vc_row row_type=&#8221;2&#8243; blox_padding_top=&#8221;70px&#8221; blox_padding_bottom=&#8221;70px&#8221; blox_bgcolor=&#8221;#f6f4f5&#8243;][vc_column width=&#8221;1\/3&#8243;][vc_column_text][\/vc_column_text][\/vc_column][vc_column width=&#8221;1\/3&#8243;][vc_column_text] [\/vc_column_text][\/vc_column][vc_column width=&#8221;1\/3&#8243;][vc_column_text][\/vc_column_text][\/vc_column][\/vc_row][vc_row row_type=&#8221;2&#8243; blox_image=&#8221;8581&#8243; blox_dark=&#8221;true&#8221;][vc_column width=&#8221;5\/12&#8243;][vc_column_text][\/vc_column_text][\/vc_column][vc_column width=&#8221;1\/12&#8243;][\/vc_column][vc_column width=&#8221;6\/12&#8243;][vc_column_text][\/vc_column_text][\/vc_column][\/vc_row][vc_row][vc_column][\/vc_column][\/vc_row]<\/p>\n","protected":false},"author":1,"featured_media":0,"parent":0,"menu_order":0,"comment_status":"closed","ping_status":"open","template":"","meta":{"footnotes":""},"class_list":["post-5020","page","type-page","status-publish","hentry"],"_links":{"self":[{"href":"https:\/\/csiktaplocaiplebania.ro\/en\/wp-json\/wp\/v2\/pages\/5020","targetHints":{"allow":["GET"]}}],"collection":[{"href":"https:\/\/csiktaplocaiplebania.ro\/en\/wp-json\/wp\/v2\/pages"}],"about":[{"href":"https:\/\/csiktaplocaiplebania.ro\/en\/wp-json\/wp\/v2\/types\/page"}],"author":[{"embeddable":true,"href":"https:\/\/csiktaplocaiplebania.ro\/en\/wp-json\/wp\/v2\/users\/1"}],"replies":[{"embeddable":true,"href":"https:\/\/csiktaplocaiplebania.ro\/en\/wp-json\/wp\/v2\/comments?post=5020"}],"version-history":[{"count":42,"href":"https:\/\/csiktaplocaiplebania.ro\/en\/wp-json\/wp\/v2\/pages\/5020\/revisions"}],"predecessor-version":[{"id":11484,"href":"https:\/\/csiktaplocaiplebania.ro\/en\/wp-json\/wp\/v2\/pages\/5020\/revisions\/11484"}],"wp:attachment":[{"href":"https:\/\/csiktaplocaiplebania.ro\/en\/wp-json\/wp\/v2\/media?parent=5020"}],"curies":[{"name":"wp","href":"https:\/\/api.w.org\/{rel}","templated":true}]}}