{"id":9270,"date":"2020-01-24T11:41:29","date_gmt":"2020-01-24T11:41:29","guid":{"rendered":"http:\/\/mylocalhost\/Wp\/?page_id=9270"},"modified":"2020-02-01T22:35:06","modified_gmt":"2020-02-01T22:35:06","slug":"hireink","status":"publish","type":"page","link":"https:\/\/csiktaplocaiplebania.ro\/en\/hireink\/","title":{"rendered":"H\u00edreink"},"content":{"rendered":"[vc_row][vc_column]<div class=\"latestnews2\"><article class=\"ln-item\">\n\t\t<div class=\"ln-date\"><div class=\"ln-day\">22<\/div><div class=\"ln-month\">Feb<\/div><\/div>\n\t\t<div class=\"ln-content\">\n\t\t\t<h3><a class=\"ln-title\" href=\"https:\/\/csiktaplocaiplebania.ro\/en\/2023\/02\/22\/csiksomlyora-hivjuk-a-ferjeket-edesapakat\/\">CS\u00cdKSOMLY\u00d3RA H\u00cdVJUK A F\u00c9RJEKET, \u00c9DESAP\u00c1KAT<\/a><\/h3>\n\t\t\t<p class=\"ln-excerpt\"><\/p>\n\t\t\t<a href=\"https:\/\/csiktaplocaiplebania.ro\/en\/2023\/02\/22\/csiksomlyora-hivjuk-a-ferjeket-edesapakat\/\" class=\"ln-button magicmore\">Read More<\/a>\n\t\t<\/div>\n\t\t<\/article><article class=\"ln-item\">\n\t\t<div class=\"ln-date\"><div class=\"ln-day\">23<\/div><div class=\"ln-month\">Aug<\/div><\/div>\n\t\t<div class=\"ln-content\">\n\t\t\t<h3><a class=\"ln-title\" href=\"https:\/\/csiktaplocaiplebania.ro\/en\/2021\/08\/23\/budapesti-nemzetkozi-eucharisztikus-kongresszusra-vonatos-zarandoklat\/\">Budapesti Nemzetk\u00f6zi Eucharisztikus Kongresszusra vonatos zar\u00e1ndoklat<\/a><\/h3>\n\t\t\t<p class=\"ln-excerpt\"><\/p>\n\t\t\t<a href=\"https:\/\/csiktaplocaiplebania.ro\/en\/2021\/08\/23\/budapesti-nemzetkozi-eucharisztikus-kongresszusra-vonatos-zarandoklat\/\" class=\"ln-button magicmore\">Read More<\/a>\n\t\t<\/div>\n\t\t<\/article><article class=\"ln-item\">\n\t\t<div class=\"ln-date\"><div class=\"ln-day\">18<\/div><div class=\"ln-month\">Dec<\/div><\/div>\n\t\t<div class=\"ln-content\">\n\t\t\t<h3><a class=\"ln-title\" href=\"https:\/\/csiktaplocaiplebania.ro\/en\/2020\/12\/18\/hazszentelesek-a-jarvany-ideje-alatt\/\">H\u00e1zszentel\u00e9sek a j\u00e1rv\u00e1ny ideje alatt<\/a><\/h3>\n\t\t\t<p class=\"ln-excerpt\"><\/p>\n\t\t\t<a href=\"https:\/\/csiktaplocaiplebania.ro\/en\/2020\/12\/18\/hazszentelesek-a-jarvany-ideje-alatt\/\" class=\"ln-button magicmore\">Read More<\/a>\n\t\t<\/div>\n\t\t<\/article><article class=\"ln-item\">\n\t\t<div class=\"ln-date\"><div class=\"ln-day\">25<\/div><div class=\"ln-month\">Sep<\/div><\/div>\n\t\t<div class=\"ln-content\">\n\t\t\t<h3><a class=\"ln-title\" href=\"https:\/\/csiktaplocaiplebania.ro\/en\/2020\/09\/25\/fopasztori-buzditas-helyhatosagi-valasztason-valo-reszvetelre\/\">F\u0151p\u00e1sztori buzd\u00edt\u00e1s helyhat\u00f3s\u00e1gi v\u00e1laszt\u00e1son val\u00f3 r\u00e9szv\u00e9telre<\/a><\/h3>\n\t\t\t<p class=\"ln-excerpt\"><\/p>\n\t\t\t<a href=\"https:\/\/csiktaplocaiplebania.ro\/en\/2020\/09\/25\/fopasztori-buzditas-helyhatosagi-valasztason-valo-reszvetelre\/\" class=\"ln-button magicmore\">Read More<\/a>\n\t\t<\/div>\n\t\t<\/article><\/div>[\/vc_column][\/vc_row]\n","protected":false},"excerpt":{"rendered":"<p>[vc_row][vc_column][\/vc_column][\/vc_row]<\/p>\n","protected":false},"author":1,"featured_media":0,"parent":0,"menu_order":0,"comment_status":"closed","ping_status":"closed","template":"","meta":{"footnotes":""},"class_list":["post-9270","page","type-page","status-publish","hentry"],"_links":{"self":[{"href":"https:\/\/csiktaplocaiplebania.ro\/en\/wp-json\/wp\/v2\/pages\/9270","targetHints":{"allow":["GET"]}}],"collection":[{"href":"https:\/\/csiktaplocaiplebania.ro\/en\/wp-json\/wp\/v2\/pages"}],"about":[{"href":"https:\/\/csiktaplocaiplebania.ro\/en\/wp-json\/wp\/v2\/types\/page"}],"author":[{"embeddable":true,"href":"https:\/\/csiktaplocaiplebania.ro\/en\/wp-json\/wp\/v2\/users\/1"}],"replies":[{"embeddable":true,"href":"https:\/\/csiktaplocaiplebania.ro\/en\/wp-json\/wp\/v2\/comments?post=9270"}],"version-history":[{"count":3,"href":"https:\/\/csiktaplocaiplebania.ro\/en\/wp-json\/wp\/v2\/pages\/9270\/revisions"}],"predecessor-version":[{"id":9702,"href":"https:\/\/csiktaplocaiplebania.ro\/en\/wp-json\/wp\/v2\/pages\/9270\/revisions\/9702"}],"wp:attachment":[{"href":"https:\/\/csiktaplocaiplebania.ro\/en\/wp-json\/wp\/v2\/media?parent=9270"}],"curies":[{"name":"wp","href":"https:\/\/api.w.org\/{rel}","templated":true}]}}