{"id":9278,"date":"2020-01-24T13:02:55","date_gmt":"2020-01-24T13:02:55","guid":{"rendered":"http:\/\/mylocalhost\/Wp\/?page_id=9278"},"modified":"2020-01-24T13:02:56","modified_gmt":"2020-01-24T13:02:56","slug":"kozossegi-csoportok","status":"publish","type":"page","link":"https:\/\/csiktaplocaiplebania.ro\/en\/kozossegi-csoportok\/","title":{"rendered":"K\u00f6z\u00f6ss\u00e9gi csoportok"},"content":{"rendered":"","protected":false},"excerpt":{"rendered":"","protected":false},"author":1,"featured_media":0,"parent":0,"menu_order":0,"comment_status":"closed","ping_status":"closed","template":"","meta":{"footnotes":""},"class_list":["post-9278","page","type-page","status-publish","hentry"],"_links":{"self":[{"href":"https:\/\/csiktaplocaiplebania.ro\/en\/wp-json\/wp\/v2\/pages\/9278","targetHints":{"allow":["GET"]}}],"collection":[{"href":"https:\/\/csiktaplocaiplebania.ro\/en\/wp-json\/wp\/v2\/pages"}],"about":[{"href":"https:\/\/csiktaplocaiplebania.ro\/en\/wp-json\/wp\/v2\/types\/page"}],"author":[{"embeddable":true,"href":"https:\/\/csiktaplocaiplebania.ro\/en\/wp-json\/wp\/v2\/users\/1"}],"replies":[{"embeddable":true,"href":"https:\/\/csiktaplocaiplebania.ro\/en\/wp-json\/wp\/v2\/comments?post=9278"}],"version-history":[{"count":1,"href":"https:\/\/csiktaplocaiplebania.ro\/en\/wp-json\/wp\/v2\/pages\/9278\/revisions"}],"predecessor-version":[{"id":9279,"href":"https:\/\/csiktaplocaiplebania.ro\/en\/wp-json\/wp\/v2\/pages\/9278\/revisions\/9279"}],"wp:attachment":[{"href":"https:\/\/csiktaplocaiplebania.ro\/en\/wp-json\/wp\/v2\/media?parent=9278"}],"curies":[{"name":"wp","href":"https:\/\/api.w.org\/{rel}","templated":true}]}}