{"id":9538,"date":"2020-02-01T20:26:16","date_gmt":"2020-02-01T20:26:16","guid":{"rendered":"http:\/\/new.csiktaplocaiplebania.ro\/?page_id=9538"},"modified":"2020-02-01T20:48:07","modified_gmt":"2020-02-01T20:48:07","slug":"mindenszentek-plebania","status":"publish","type":"page","link":"https:\/\/csiktaplocaiplebania.ro\/en\/plebania\/mindenszentek-plebania\/","title":{"rendered":"Mindenszentek pl\u00e9b\u00e1nia"},"content":{"rendered":"\n<p><strong>XIII. Felcs\u00edki f\u0151esperesi ker\u00fclet<\/strong><\/p>\n\n\n\n<p>A cs\u00edksomly\u00f3i anyaegyh\u00e1zhoz tartozott 1908-ig. Mint polg\u00e1ri k\u00f6zs\u00e9g, m\u00e1r a 15. sz\u00e1zadban \u00f6nkorm\u00e1nyzattal rendelkezett. Saj\u00e1t temploma m\u00e9g nem volt, ez\u00e9rt Cs\u00edksomly\u00f3ra j\u00e1rtak a Szent P\u00e9ter egyh\u00e1zhoz. A hivatalosan egeml\u00edtett els\u0151 k\u00e1poln\u00e1t 1726-ban \u00e9p\u00edtett\u00e9k Szent L\u0151rinc v\u00e9rtan\u00fa diak\u00f3nus tisztelet\u00e9re a mai pl\u00e9b\u00e1nia telk\u00e9re. \u00c1tellenben az utc\u00e1t is K\u00e1polna utc\u00e1nak nevezt\u00e9k el, amelyet k\u00e9s\u0151bb, a k\u00e1polna megsz\u0171n\u00e9se ut\u00e1n, Holl\u00f3 utc\u00e1nak h\u00edvtak. Taploca elnevez\u00e9s\u00e9t ink\u00e1bb szl\u00e1v eredet\u0171nek mondj\u00e1k, b\u00e1r van olyan le\u00edr\u00e1s is, amely egy Taploka nev\u0171 nagyobb f\u00f6ldbirtokkal rendelkez\u0151 csal\u00e1dt\u00f3l sz\u00e1rmaztatja. A m\u00e1sik f\u00f6ldbirtokkal rendelkez\u0151 csal\u00e1d a S\u00e1ndor csal\u00e1d. Vagyon\u00e1t p\u00e9nzz\u00e9 t\u00e9ve, nagyon sok csal\u00e1d h\u00e1zat \u00e9p\u00edtett, megtelepedett. A S\u00e1ndor csal\u00e1d Cs\u00edkszentmih\u00e1lyr\u00f3l telepedett Taploc\u00e1ra. Az 1600-as \u00e9vekben megjelentek a sz\u00e1rhegyi L\u00e1z\u00e1rok, akik itt is gyarap\u00edtott\u00e1k f\u00f6ldbirtokaikat, \u00e9s nagyon sok embernek meg\u00e9lhet\u00e9si lehet\u0151s\u00e9get ny\u00fajtottak. Az \u0151 tulajdonukat k\u00e9pezte a k\u00f6zs\u00e9gh\u00e1za \u00e9s a jegyz\u0151i lak\u00e1s. Ebben a k\u00f6zs\u00e9gh\u00e1zban hoztak \u00edt\u00e9letet \u00e9s k\u00ednoztak meg embereket az 1764-es mad\u00e9falvi veszedelem idej\u00e9n. Ma a k\u00f6zs\u00e9gh\u00e1za kult\u00farotthon, a jegyz\u0151i lak\u00e1s mag\u00e1nc\u00e9g tulajdon\u00e1ban van. A L\u00e1z\u00e1rok adt\u00e1k a k\u00f6zs\u00e9gi temet\u0151 ter\u00fclet\u00e9nek nagyobb r\u00e9sz\u00e9t, amely ma a taplocai pl\u00e9b\u00e1nia tulajdona. Taploc\u00e1nak az els\u0151 temet\u0151 helyis\u00e9ge a Szent L\u0151rinc k\u00e1polna cinterme volt. A m\u00e1sodik a delnei \u00fat el\u00e1gaz\u00f3j\u00e1n\u00e1l l\u00e9v\u0151 Nepomuki szent\u00e9ly m\u00f6g\u00f6tti majdnem 1 hekt\u00e1ros ter\u00fclet\u00e9n, a harmadik a pl\u00e9b\u00e1nia templom m\u00f6g\u00f6tti 2 hekt\u00e1ros ter\u00fclet\u00e9n fekszik. A Nepomuki kis k\u00e1polna \u00e9p\u00edt\u00e9s\u00e9nek idej\u00e9r\u0151l nincs le\u00edrt dokument\u00e1ci\u00f3. Ellenben Lajos Bal\u00e1zs taplocai sz\u00fclet\u00e9s\u0171 pl\u00e9b\u00e1nos jegyezte le kort\u00f6rt\u00e9neti \u00edr\u00e1saiban, aki 1892-ben sz\u00fcletett: \u201eNagyap\u00e1mt\u00f3l tudom, Nepomuki Szent J\u00e1nos k\u00e1polna embereml\u00e9kezet \u00f3ta ott \u00e1ll a mai hely\u00e9n. Ez a k\u00e1polna ir\u00e1ny\u00edtotta a Felcs\u00edk \u00e9s Gyergy\u00f3 b\u00facs\u00fara j\u00f6v\u0151 keresztalj\u00e1kat a cs\u00edksomly\u00f3i kegytemplom fel\u00e9.\u201d A pl\u00e9b\u00e1niatemplomot 1881\u20131884 k\u00f6z\u00f6tt \u00e9p\u00edtett\u00e9k, miut\u00e1n a Szent L\u0151rinc-k\u00e1polna f\u00f6ldreng\u00e9sek k\u00f6vetkezt\u00e9ben 1812\u20131820 k\u00f6z\u00f6tt er\u0151sen megrong\u00e1l\u00f3dott. A lelki szolg\u00e1ltat\u00e1st a cs\u00edksomly\u00f3i pl\u00e9b\u00e1nia \u00e9s a kegytemplom ferencrendi aty\u00e1i l\u00e1tt\u00e1k el hossz\u00fa \u00e9veken \u00e1t. A pl\u00e9b\u00e1nia \u00e9p\u00fclet\u00e9t K\u00f6r\u00f6si G\u00e9za pl\u00e9b\u00e1nos \u00e9p\u00edttette 1905\u20131907 k\u00f6z\u00f6tt. Az els\u0151 \u00f6n\u00e1ll\u00f3 pl\u00e9b\u00e1nos M\u00e1rkos Endre 1908\u20131964-ig. \u0150t k\u00f6vette Er\u0151ss Lajos p\u00e1pai prel\u00e1tus, nagypr\u00e9post 1964\u20131971-ig, ut\u00e1na Nagy Imre pl\u00e9b\u00e1nos k\u00f6vetkezett 1971\u20131984.1984-2012 Boros K\u00e1roly f\u0151esperes-pleb\u00e1nos.<br> Kiemelked\u0151 taplocai egy\u00e9nis\u00e9gek: G\u00f6r\u00f6g Istv\u00e1n (1631\u20131678) ferences b\u00e1k\u00f3i p\u00fcsp\u00f6ki helyn\u00f6k, majd eg\u00e9sz Moldva vicarius gener\u00e1lisa , Geg\u0151 Elek ferences (1805\u20131839), a moldovai cs\u00e1ng\u00f3 magyarok nagy ist\u00e1pol\u00f3ja, a magyar parlamentben is k\u00e9pvisel\u0151j\u00fck volt, P.Andr\u00e1s Imre (1928-2011) jezsuita szociol\u00f3gus, B\u00e9csben a Magyar Egyh\u00e1zszociol\u00f3gia Int\u00e9zet igazgat\u00f3ja.2012-ben Cs\u00edktaploc\u00e1n temett\u00e9k el.<br> Templomb\u00facs\u00fa: november 1- Mindenszentek napj\u00e1n.<br> \u00d6r\u00f6k\u00f6s szents\u00e9gim\u00e1d\u00e1si nap:\u00e1prilis 25<br> Filia: Erd\u0151alja-Csiba- Temploma 2003\u20132007 k\u00f6z\u00f6tt \u00e9p\u00fclt,Szt.L\u0151rinc diak\u00f3nus v\u00e9rtan\u00fa tisztelet\u00e9re lett felszentelve. A k\u00e1plonateremben l\u00e9v\u0151 Szt.L\u0151rinc \u00e9let\u00e9t \u00e9s v\u00e9rtanus\u00e1g\u00e1t \u00e1br\u00e1zol\u00f3 h\u00e1rmas olt\u00e1rk\u00e9pet Xantus G\u00e9za cs\u00edkszeredai k\u00e9pz\u0151m\u0171v\u00e9sz k\u00e9sz\u00edtette, az alum\u00ednium lenyomat\u00fa kereszt\u00fati k\u00e9pek a taplocai sz\u00fclet\u00e9s\u0171 ifj.Fazakas J\u00e1nos alkot\u00e1sa.<br> Templomb\u00facs\u00fa: augusztus 10- Szent L\u0151rinc napj\u00e1n<\/p>\n","protected":false},"excerpt":{"rendered":"<p>XIII. Felcs\u00edki f\u0151esperesi ker\u00fclet A cs\u00edksomly\u00f3i anyaegyh\u00e1zhoz tartozott 1908-ig. Mint polg\u00e1ri k\u00f6zs\u00e9g, m\u00e1r a 15. sz\u00e1zadban \u00f6nkorm\u00e1nyzattal rendelkezett. Saj\u00e1t temploma m\u00e9g nem volt, ez\u00e9rt Cs\u00edksomly\u00f3ra j\u00e1rtak a Szent P\u00e9ter egyh\u00e1zhoz. A hivatalosan egeml\u00edtett els\u0151 k\u00e1poln\u00e1t 1726-ban \u00e9p\u00edtett\u00e9k Szent L\u0151rinc v\u00e9rtan\u00fa diak\u00f3nus tisztelet\u00e9re a mai pl\u00e9b\u00e1nia telk\u00e9re. \u00c1tellenben az utc\u00e1t is K\u00e1polna utc\u00e1nak nevezt\u00e9k el, amelyet k\u00e9s\u0151bb, a k\u00e1polna megsz\u0171n\u00e9se ut\u00e1n, Holl\u00f3 utc\u00e1nak h\u00edvtak. Taploca elnevez\u00e9s\u00e9t ink\u00e1bb szl\u00e1v eredet\u0171nek mondj\u00e1k, b\u00e1r van olyan le\u00edr\u00e1s is, amely egy Taploka nev\u0171 nagyobb f\u00f6ldbirtokkal rendelkez\u0151 csal\u00e1dt\u00f3l sz\u00e1rmaztatja. A m\u00e1sik f\u00f6ldbirtokkal rendelkez\u0151 csal\u00e1d a S\u00e1ndor csal\u00e1d. Vagyon\u00e1t p\u00e9nzz\u00e9 t\u00e9ve, nagyon sok csal\u00e1d h\u00e1zat \u00e9p\u00edtett, megtelepedett. A S\u00e1ndor csal\u00e1d Cs\u00edkszentmih\u00e1lyr\u00f3l telepedett Taploc\u00e1ra. Az 1600-as \u00e9vekben megjelentek a sz\u00e1rhegyi L\u00e1z\u00e1rok, akik itt is gyarap\u00edtott\u00e1k f\u00f6ldbirtokaikat, \u00e9s nagyon sok embernek meg\u00e9lhet\u00e9si lehet\u0151s\u00e9get ny\u00fajtottak. Az \u0151 tulajdonukat k\u00e9pezte a k\u00f6zs\u00e9gh\u00e1za \u00e9s a jegyz\u0151i lak\u00e1s. Ebben a k\u00f6zs\u00e9gh\u00e1zban hoztak \u00edt\u00e9letet \u00e9s k\u00ednoztak meg embereket az 1764-es mad\u00e9falvi veszedelem idej\u00e9n. Ma a k\u00f6zs\u00e9gh\u00e1za kult\u00farotthon, a jegyz\u0151i lak\u00e1s mag\u00e1nc\u00e9g tulajdon\u00e1ban van. A L\u00e1z\u00e1rok adt\u00e1k a k\u00f6zs\u00e9gi temet\u0151 ter\u00fclet\u00e9nek nagyobb r\u00e9sz\u00e9t, amely ma a taplocai pl\u00e9b\u00e1nia tulajdona. Taploc\u00e1nak az els\u0151 temet\u0151 helyis\u00e9ge a Szent L\u0151rinc k\u00e1polna cinterme volt. A m\u00e1sodik a delnei \u00fat el\u00e1gaz\u00f3j\u00e1n\u00e1l l\u00e9v\u0151 Nepomuki szent\u00e9ly m\u00f6g\u00f6tti majdnem 1 hekt\u00e1ros ter\u00fclet\u00e9n, a harmadik a pl\u00e9b\u00e1nia templom m\u00f6g\u00f6tti 2 hekt\u00e1ros ter\u00fclet\u00e9n fekszik. A Nepomuki kis k\u00e1polna \u00e9p\u00edt\u00e9s\u00e9nek idej\u00e9r\u0151l nincs le\u00edrt dokument\u00e1ci\u00f3. Ellenben Lajos Bal\u00e1zs taplocai sz\u00fclet\u00e9s\u0171 pl\u00e9b\u00e1nos jegyezte le kort\u00f6rt\u00e9neti \u00edr\u00e1saiban, aki 1892-ben sz\u00fcletett: \u201eNagyap\u00e1mt\u00f3l tudom, Nepomuki Szent J\u00e1nos k\u00e1polna embereml\u00e9kezet \u00f3ta ott \u00e1ll a mai hely\u00e9n. Ez a k\u00e1polna ir\u00e1ny\u00edtotta a Felcs\u00edk \u00e9s Gyergy\u00f3 b\u00facs\u00fara j\u00f6v\u0151 keresztalj\u00e1kat a cs\u00edksomly\u00f3i kegytemplom fel\u00e9.\u201d A pl\u00e9b\u00e1niatemplomot 1881\u20131884 k\u00f6z\u00f6tt \u00e9p\u00edtett\u00e9k, miut\u00e1n a Szent L\u0151rinc-k\u00e1polna f\u00f6ldreng\u00e9sek k\u00f6vetkezt\u00e9ben 1812\u20131820 k\u00f6z\u00f6tt er\u0151sen megrong\u00e1l\u00f3dott. A lelki szolg\u00e1ltat\u00e1st a cs\u00edksomly\u00f3i pl\u00e9b\u00e1nia \u00e9s a kegytemplom ferencrendi aty\u00e1i l\u00e1tt\u00e1k el hossz\u00fa \u00e9veken \u00e1t. A pl\u00e9b\u00e1nia \u00e9p\u00fclet\u00e9t K\u00f6r\u00f6si G\u00e9za pl\u00e9b\u00e1nos \u00e9p\u00edttette 1905\u20131907 k\u00f6z\u00f6tt. Az&#8230; <\/p>\n<p><a class=\"readmore\" href=\"https:\/\/csiktaplocaiplebania.ro\/en\/plebania\/mindenszentek-plebania\/\">Read More<\/a><\/p>\n","protected":false},"author":1,"featured_media":0,"parent":9268,"menu_order":0,"comment_status":"closed","ping_status":"closed","template":"","meta":{"footnotes":""},"class_list":["post-9538","page","type-page","status-publish","hentry"],"_links":{"self":[{"href":"https:\/\/csiktaplocaiplebania.ro\/en\/wp-json\/wp\/v2\/pages\/9538","targetHints":{"allow":["GET"]}}],"collection":[{"href":"https:\/\/csiktaplocaiplebania.ro\/en\/wp-json\/wp\/v2\/pages"}],"about":[{"href":"https:\/\/csiktaplocaiplebania.ro\/en\/wp-json\/wp\/v2\/types\/page"}],"author":[{"embeddable":true,"href":"https:\/\/csiktaplocaiplebania.ro\/en\/wp-json\/wp\/v2\/users\/1"}],"replies":[{"embeddable":true,"href":"https:\/\/csiktaplocaiplebania.ro\/en\/wp-json\/wp\/v2\/comments?post=9538"}],"version-history":[{"count":2,"href":"https:\/\/csiktaplocaiplebania.ro\/en\/wp-json\/wp\/v2\/pages\/9538\/revisions"}],"predecessor-version":[{"id":9542,"href":"https:\/\/csiktaplocaiplebania.ro\/en\/wp-json\/wp\/v2\/pages\/9538\/revisions\/9542"}],"up":[{"embeddable":true,"href":"https:\/\/csiktaplocaiplebania.ro\/en\/wp-json\/wp\/v2\/pages\/9268"}],"wp:attachment":[{"href":"https:\/\/csiktaplocaiplebania.ro\/en\/wp-json\/wp\/v2\/media?parent=9538"}],"curies":[{"name":"wp","href":"https:\/\/api.w.org\/{rel}","templated":true}]}}