{"id":9541,"date":"2020-02-01T20:48:47","date_gmt":"2020-02-01T20:48:47","guid":{"rendered":"http:\/\/new.csiktaplocaiplebania.ro\/?page_id=9541"},"modified":"2020-02-01T20:50:12","modified_gmt":"2020-02-01T20:50:12","slug":"lelkipasztorunk","status":"publish","type":"page","link":"https:\/\/csiktaplocaiplebania.ro\/en\/plebania\/lelkipasztorunk\/","title":{"rendered":"Lelkip\u00e1sztorunk"},"content":{"rendered":"\n<figure class=\"wp-block-image\"><img decoding=\"async\" src=\"https:\/\/ersekseg.ro\/sites\/default\/files\/styles\/cikk50\/public\/images\/honlapkepek\/Cziko-Laszlo-id-03_resize.jpg?itok=Cv4Qf4zE\" alt=\"\"\/><\/figure>\n\n\n\n<p><strong>Czik\u00f3 L\u00e1szl\u00f3 id. &#8211; pl\u00e9b\u00e1nos<\/strong><\/p>\n\n\n\n<p><strong>Sz\u00fclet\u00e9s helye \u00e9s ideje:<\/strong> Cs\u00edkszentgy\u00f6rgy, 1961.05.16 <br><strong>Papszentel\u00e9s helye:<\/strong> Gyulafeh\u00e9rv\u00e1r, 1987.06.21 <br><strong>Teol\u00f3giai tanulm\u00e1nyok:<\/strong> 1981-1987, SIS <br><strong>El\u00e9rhet\u0151s\u00e9g<\/strong><br><strong>E-mail c\u00edm:<\/strong> laszlo.cziko@gmail.com <br><strong>Mobil:<\/strong> 0722-864.332<br><strong>Egy\u00e9b tev\u00e9kenys\u00e9gek: <\/strong>Marosv\u00e1s\u00e1rhelyt, Cs\u00edkszered\u00e1ban \u00e9s Sz\u00e9kelyudvarhelyen erk\u00f6lcstant adott el\u0151<\/p>\n","protected":false},"excerpt":{"rendered":"<p>Czik\u00f3 L\u00e1szl\u00f3 id. &#8211; pl\u00e9b\u00e1nos Sz\u00fclet\u00e9s helye \u00e9s ideje: Cs\u00edkszentgy\u00f6rgy, 1961.05.16 Papszentel\u00e9s helye: Gyulafeh\u00e9rv\u00e1r, 1987.06.21 Teol\u00f3giai tanulm\u00e1nyok: 1981-1987, SIS El\u00e9rhet\u0151s\u00e9gE-mail c\u00edm: laszlo.cziko@gmail.com Mobil: 0722-864.332Egy\u00e9b tev\u00e9kenys\u00e9gek: Marosv\u00e1s\u00e1rhelyt, Cs\u00edkszered\u00e1ban \u00e9s Sz\u00e9kelyudvarhelyen erk\u00f6lcstant adott el\u0151<\/p>\n","protected":false},"author":1,"featured_media":0,"parent":9268,"menu_order":1,"comment_status":"closed","ping_status":"closed","template":"","meta":{"footnotes":""},"class_list":["post-9541","page","type-page","status-publish","hentry"],"_links":{"self":[{"href":"https:\/\/csiktaplocaiplebania.ro\/en\/wp-json\/wp\/v2\/pages\/9541","targetHints":{"allow":["GET"]}}],"collection":[{"href":"https:\/\/csiktaplocaiplebania.ro\/en\/wp-json\/wp\/v2\/pages"}],"about":[{"href":"https:\/\/csiktaplocaiplebania.ro\/en\/wp-json\/wp\/v2\/types\/page"}],"author":[{"embeddable":true,"href":"https:\/\/csiktaplocaiplebania.ro\/en\/wp-json\/wp\/v2\/users\/1"}],"replies":[{"embeddable":true,"href":"https:\/\/csiktaplocaiplebania.ro\/en\/wp-json\/wp\/v2\/comments?post=9541"}],"version-history":[{"count":1,"href":"https:\/\/csiktaplocaiplebania.ro\/en\/wp-json\/wp\/v2\/pages\/9541\/revisions"}],"predecessor-version":[{"id":9543,"href":"https:\/\/csiktaplocaiplebania.ro\/en\/wp-json\/wp\/v2\/pages\/9541\/revisions\/9543"}],"up":[{"embeddable":true,"href":"https:\/\/csiktaplocaiplebania.ro\/en\/wp-json\/wp\/v2\/pages\/9268"}],"wp:attachment":[{"href":"https:\/\/csiktaplocaiplebania.ro\/en\/wp-json\/wp\/v2\/media?parent=9541"}],"curies":[{"name":"wp","href":"https:\/\/api.w.org\/{rel}","templated":true}]}}