{"id":9544,"date":"2020-02-01T20:52:31","date_gmt":"2020-02-01T20:52:31","guid":{"rendered":"http:\/\/new.csiktaplocaiplebania.ro\/?page_id=9544"},"modified":"2020-02-01T21:10:15","modified_gmt":"2020-02-01T21:10:15","slug":"plebaniai-hittanorak-programja","status":"publish","type":"page","link":"https:\/\/csiktaplocaiplebania.ro\/en\/plebania\/plebaniai-hittanorak-programja\/","title":{"rendered":"Pleb\u00e1niai  hittan\u00f3r\u00e1k programja"},"content":{"rendered":"\n<figure class=\"wp-block-table\"><table class=\"\"><tbody><tr><td>Szombat<br>\n         9-10 \u00f3ra<\/td><td>Szombat<br>\n         10-11 \u00f3ra<\/td><td>Szombat<br>\n         11-12 \u00f3ra<\/td><td>Szombat<br>\n         12-13 \u00f3ra<\/td><\/tr><tr><td>Els\u0151\u00e1ldoz\u00f3k <br>III.oszt\u00e1ly<\/td><td>El\u0151k\u00e9sz\u00edt\u0151, <br>I, II oszt\u00e1ly<\/td><td>IV-VIII oszt\u00e1ly<\/td><td>Ifj\u00fas\u00e1g<\/td><\/tr><\/tbody><\/table><\/figure>\n\n\n\n<p><br><br><br> <strong>Els\u0151\u00e1ldoz\u00e1s id\u0151pontja 2020. m\u00e1jus 1<\/strong>0<strong>.( 10,30 szentmise)<\/strong><\/p>\n","protected":false},"excerpt":{"rendered":"<p>Szombat 9-10 \u00f3ra Szombat 10-11 \u00f3ra Szombat 11-12 \u00f3ra Szombat 12-13 \u00f3ra Els\u0151\u00e1ldoz\u00f3k III.oszt\u00e1ly El\u0151k\u00e9sz\u00edt\u0151, I, II oszt\u00e1ly IV-VIII oszt\u00e1ly Ifj\u00fas\u00e1g Els\u0151\u00e1ldoz\u00e1s id\u0151pontja 2020. m\u00e1jus 10.( 10,30 szentmise)<\/p>\n","protected":false},"author":1,"featured_media":0,"parent":9268,"menu_order":3,"comment_status":"closed","ping_status":"closed","template":"","meta":{"footnotes":""},"class_list":["post-9544","page","type-page","status-publish","hentry"],"_links":{"self":[{"href":"https:\/\/csiktaplocaiplebania.ro\/en\/wp-json\/wp\/v2\/pages\/9544","targetHints":{"allow":["GET"]}}],"collection":[{"href":"https:\/\/csiktaplocaiplebania.ro\/en\/wp-json\/wp\/v2\/pages"}],"about":[{"href":"https:\/\/csiktaplocaiplebania.ro\/en\/wp-json\/wp\/v2\/types\/page"}],"author":[{"embeddable":true,"href":"https:\/\/csiktaplocaiplebania.ro\/en\/wp-json\/wp\/v2\/users\/1"}],"replies":[{"embeddable":true,"href":"https:\/\/csiktaplocaiplebania.ro\/en\/wp-json\/wp\/v2\/comments?post=9544"}],"version-history":[{"count":2,"href":"https:\/\/csiktaplocaiplebania.ro\/en\/wp-json\/wp\/v2\/pages\/9544\/revisions"}],"predecessor-version":[{"id":9632,"href":"https:\/\/csiktaplocaiplebania.ro\/en\/wp-json\/wp\/v2\/pages\/9544\/revisions\/9632"}],"up":[{"embeddable":true,"href":"https:\/\/csiktaplocaiplebania.ro\/en\/wp-json\/wp\/v2\/pages\/9268"}],"wp:attachment":[{"href":"https:\/\/csiktaplocaiplebania.ro\/en\/wp-json\/wp\/v2\/media?parent=9544"}],"curies":[{"name":"wp","href":"https:\/\/api.w.org\/{rel}","templated":true}]}}