{"id":9547,"date":"2020-02-01T20:55:42","date_gmt":"2020-02-01T20:55:42","guid":{"rendered":"http:\/\/new.csiktaplocaiplebania.ro\/?page_id=9547"},"modified":"2020-02-01T20:55:45","modified_gmt":"2020-02-01T20:55:45","slug":"plebania-orarend","status":"publish","type":"page","link":"https:\/\/csiktaplocaiplebania.ro\/en\/plebania\/plebania-orarend\/","title":{"rendered":"Pl\u00e9b\u00e1nia \u00f3rarend"},"content":{"rendered":"\n<p>Hivatalos \u00f3r\u00e1k a h\u00edvek fogad\u00e1s\u00e1ra<br>\n<br><\/p>\n\n\n\n<figure class=\"wp-block-table\"><table class=\"\"><tbody><tr><td>H\u00e9tf\u0151<\/td><td> 9-15<\/td><\/tr><tr><td>Kedd<\/td><td> 9-15<\/td><\/tr><tr><td>Szerda<\/td><td> 9-15<\/td><\/tr><tr><td>Cs\u00fct\u00f6rt\u00f6k<\/td><td> 9-15<\/td><\/tr><tr><td>P\u00e9ntek<\/td><td> 9-15<\/td><\/tr><\/tbody><\/table><\/figure>\n\n\n\n<p><br>El\u0151zetes egyeztet\u00e9s eset\u00e9n a pleb\u00e1nos b\u00e1rmikor fogadja a hiveket,betegek szents\u00e9g\u00e9nek kiszolg\u00e1ltat\u00e1sa eset\u00e9n b\u00e1rmikor h\u00edvhat\u00f3.<br>\n<br><\/p>\n\n\n\n<p><strong>El\u00e9rhet\u0151s\u00e9g: <br><\/strong><br>\n<strong>Fix:<\/strong> 0266-371.361<br><br>\n<strong>Mobil:<\/strong> 0722-864.332<br><br>\nTisztelettel: Czik\u00f3 L\u00e1szl\u00f3 pleb\u00e1nos<\/p>\n","protected":false},"excerpt":{"rendered":"<p>Hivatalos \u00f3r\u00e1k a h\u00edvek fogad\u00e1s\u00e1ra H\u00e9tf\u0151 9-15 Kedd 9-15 Szerda 9-15 Cs\u00fct\u00f6rt\u00f6k 9-15 P\u00e9ntek 9-15 El\u0151zetes egyeztet\u00e9s eset\u00e9n a pleb\u00e1nos b\u00e1rmikor fogadja a hiveket,betegek szents\u00e9g\u00e9nek kiszolg\u00e1ltat\u00e1sa eset\u00e9n b\u00e1rmikor h\u00edvhat\u00f3. El\u00e9rhet\u0151s\u00e9g: Fix: 0266-371.361 Mobil: 0722-864.332 Tisztelettel: Czik\u00f3 L\u00e1szl\u00f3 pleb\u00e1nos<\/p>\n","protected":false},"author":1,"featured_media":0,"parent":9268,"menu_order":4,"comment_status":"closed","ping_status":"closed","template":"","meta":{"footnotes":""},"class_list":["post-9547","page","type-page","status-publish","hentry"],"_links":{"self":[{"href":"https:\/\/csiktaplocaiplebania.ro\/en\/wp-json\/wp\/v2\/pages\/9547","targetHints":{"allow":["GET"]}}],"collection":[{"href":"https:\/\/csiktaplocaiplebania.ro\/en\/wp-json\/wp\/v2\/pages"}],"about":[{"href":"https:\/\/csiktaplocaiplebania.ro\/en\/wp-json\/wp\/v2\/types\/page"}],"author":[{"embeddable":true,"href":"https:\/\/csiktaplocaiplebania.ro\/en\/wp-json\/wp\/v2\/users\/1"}],"replies":[{"embeddable":true,"href":"https:\/\/csiktaplocaiplebania.ro\/en\/wp-json\/wp\/v2\/comments?post=9547"}],"version-history":[{"count":1,"href":"https:\/\/csiktaplocaiplebania.ro\/en\/wp-json\/wp\/v2\/pages\/9547\/revisions"}],"predecessor-version":[{"id":9548,"href":"https:\/\/csiktaplocaiplebania.ro\/en\/wp-json\/wp\/v2\/pages\/9547\/revisions\/9548"}],"up":[{"embeddable":true,"href":"https:\/\/csiktaplocaiplebania.ro\/en\/wp-json\/wp\/v2\/pages\/9268"}],"wp:attachment":[{"href":"https:\/\/csiktaplocaiplebania.ro\/en\/wp-json\/wp\/v2\/media?parent=9547"}],"curies":[{"name":"wp","href":"https:\/\/api.w.org\/{rel}","templated":true}]}}