{"id":9550,"date":"2020-02-01T20:59:03","date_gmt":"2020-02-01T20:59:03","guid":{"rendered":"http:\/\/new.csiktaplocaiplebania.ro\/?page_id=9550"},"modified":"2020-02-01T20:59:09","modified_gmt":"2020-02-01T20:59:09","slug":"filia-erdoalja-csiba","status":"publish","type":"page","link":"https:\/\/csiktaplocaiplebania.ro\/en\/plebania\/filia-erdoalja-csiba\/","title":{"rendered":"Filia : Erd\u0151alja-Csiba"},"content":{"rendered":"\n<figure class=\"wp-block-image\"><img decoding=\"async\" src=\"http:\/\/csiktaplocaiplebania.ro\/sites\/default\/files\/styles\/slider\/public\/banner\/71722205.jpg\" alt=\"\"\/><\/figure>\n\n\n\n<p><br> Temploma 2003\u20132007 k\u00f6z\u00f6tt \u00e9p\u00fclt, Szt.L\u0151rinc diak\u00f3nus v\u00e9rtan\u00fa tisztelet\u00e9re lett felszentelve. A k\u00e1plonateremben l\u00e9v\u0151 Szt.L\u0151rinc \u00e9let\u00e9t \u00e9s v\u00e9rtanus\u00e1g\u00e1t \u00e1br\u00e1zol\u00f3 h\u00e1rmas olt\u00e1rk\u00e9pet Xantus G\u00e9za cs\u00edkszeredai k\u00e9pz\u0151m\u0171v\u00e9sz k\u00e9sz\u00edtette, az alum\u00ednium lenyomat\u00fa kereszt\u00fati k\u00e9pek a taplocai sz\u00fclet\u00e9s\u0171 ifj.Fazakas J\u00e1nos alkot\u00e1sa.<br> Templomb\u00facs\u00fa: augusztus 10- Szent L\u0151rinc napj\u00e1n<\/p>\n","protected":false},"excerpt":{"rendered":"<p>Temploma 2003\u20132007 k\u00f6z\u00f6tt \u00e9p\u00fclt, Szt.L\u0151rinc diak\u00f3nus v\u00e9rtan\u00fa tisztelet\u00e9re lett felszentelve. A k\u00e1plonateremben l\u00e9v\u0151 Szt.L\u0151rinc \u00e9let\u00e9t \u00e9s v\u00e9rtanus\u00e1g\u00e1t \u00e1br\u00e1zol\u00f3 h\u00e1rmas olt\u00e1rk\u00e9pet Xantus G\u00e9za cs\u00edkszeredai k\u00e9pz\u0151m\u0171v\u00e9sz k\u00e9sz\u00edtette, az alum\u00ednium lenyomat\u00fa kereszt\u00fati k\u00e9pek a taplocai sz\u00fclet\u00e9s\u0171 ifj.Fazakas J\u00e1nos alkot\u00e1sa. Templomb\u00facs\u00fa: augusztus 10- Szent L\u0151rinc napj\u00e1n<\/p>\n","protected":false},"author":1,"featured_media":0,"parent":9268,"menu_order":5,"comment_status":"closed","ping_status":"closed","template":"","meta":{"footnotes":""},"class_list":["post-9550","page","type-page","status-publish","hentry"],"_links":{"self":[{"href":"https:\/\/csiktaplocaiplebania.ro\/en\/wp-json\/wp\/v2\/pages\/9550","targetHints":{"allow":["GET"]}}],"collection":[{"href":"https:\/\/csiktaplocaiplebania.ro\/en\/wp-json\/wp\/v2\/pages"}],"about":[{"href":"https:\/\/csiktaplocaiplebania.ro\/en\/wp-json\/wp\/v2\/types\/page"}],"author":[{"embeddable":true,"href":"https:\/\/csiktaplocaiplebania.ro\/en\/wp-json\/wp\/v2\/users\/1"}],"replies":[{"embeddable":true,"href":"https:\/\/csiktaplocaiplebania.ro\/en\/wp-json\/wp\/v2\/comments?post=9550"}],"version-history":[{"count":1,"href":"https:\/\/csiktaplocaiplebania.ro\/en\/wp-json\/wp\/v2\/pages\/9550\/revisions"}],"predecessor-version":[{"id":9551,"href":"https:\/\/csiktaplocaiplebania.ro\/en\/wp-json\/wp\/v2\/pages\/9550\/revisions\/9551"}],"up":[{"embeddable":true,"href":"https:\/\/csiktaplocaiplebania.ro\/en\/wp-json\/wp\/v2\/pages\/9268"}],"wp:attachment":[{"href":"https:\/\/csiktaplocaiplebania.ro\/en\/wp-json\/wp\/v2\/media?parent=9550"}],"curies":[{"name":"wp","href":"https:\/\/api.w.org\/{rel}","templated":true}]}}