{"id":9552,"date":"2020-02-01T21:01:23","date_gmt":"2020-02-01T21:01:23","guid":{"rendered":"http:\/\/new.csiktaplocaiplebania.ro\/?page_id=9552"},"modified":"2020-02-02T13:20:40","modified_gmt":"2020-02-02T13:20:40","slug":"lelkipasztoraink-voltak","status":"publish","type":"page","link":"https:\/\/csiktaplocaiplebania.ro\/en\/plebania\/lelkipasztoraink-voltak\/","title":{"rendered":"Lelkipasztoraink voltak"},"content":{"rendered":"\n<p>A pl\u00e9b\u00e1nia \u00e9p\u00fclet\u00e9t<strong> K\u00f6r\u00f6si G\u00e9za<\/strong> pl\u00e9b\u00e1nos \u00e9p\u00edttette 1905\u20131907 k\u00f6z\u00f6tt. <\/p>\n\n\n\n<p>Az  <strong>els\u0151 <\/strong>\u00f6n\u00e1ll\u00f3 pl\u00e9b\u00e1nos <strong>M\u00e1rkos Endre<\/strong> 1908\u20131964-ig. <br>\u0150t k\u00f6vette <strong>Er\u0151ss Lajos<\/strong>  p\u00e1pai prel\u00e1tus, nagypr\u00e9post 1964\u20131971-ig,<br>ut\u00e1na <strong>Nagy Imre<\/strong> pl\u00e9b\u00e1nos  k\u00f6vetkezett 1971\u20131984.<br>1984-2012 <strong>Boros K\u00e1roly<\/strong> f\u0151esperes-pleb\u00e1nos.<br>2012 -t\u0151l <strong>Czik\u00f3 L\u00e1szl\u00f3 id. pl\u00e9b\u00e1nos<\/strong> <\/p>\n\n\n\n<p><\/p>\n","protected":false},"excerpt":{"rendered":"<p>A pl\u00e9b\u00e1nia \u00e9p\u00fclet\u00e9t K\u00f6r\u00f6si G\u00e9za pl\u00e9b\u00e1nos \u00e9p\u00edttette 1905\u20131907 k\u00f6z\u00f6tt. Az els\u0151 \u00f6n\u00e1ll\u00f3 pl\u00e9b\u00e1nos M\u00e1rkos Endre 1908\u20131964-ig. \u0150t k\u00f6vette Er\u0151ss Lajos p\u00e1pai prel\u00e1tus, nagypr\u00e9post 1964\u20131971-ig,ut\u00e1na Nagy Imre pl\u00e9b\u00e1nos k\u00f6vetkezett 1971\u20131984.1984-2012 Boros K\u00e1roly f\u0151esperes-pleb\u00e1nos.2012 -t\u0151l Czik\u00f3 L\u00e1szl\u00f3 id. pl\u00e9b\u00e1nos<\/p>\n","protected":false},"author":1,"featured_media":0,"parent":9268,"menu_order":2,"comment_status":"closed","ping_status":"closed","template":"","meta":{"footnotes":""},"class_list":["post-9552","page","type-page","status-publish","hentry"],"_links":{"self":[{"href":"https:\/\/csiktaplocaiplebania.ro\/en\/wp-json\/wp\/v2\/pages\/9552","targetHints":{"allow":["GET"]}}],"collection":[{"href":"https:\/\/csiktaplocaiplebania.ro\/en\/wp-json\/wp\/v2\/pages"}],"about":[{"href":"https:\/\/csiktaplocaiplebania.ro\/en\/wp-json\/wp\/v2\/types\/page"}],"author":[{"embeddable":true,"href":"https:\/\/csiktaplocaiplebania.ro\/en\/wp-json\/wp\/v2\/users\/1"}],"replies":[{"embeddable":true,"href":"https:\/\/csiktaplocaiplebania.ro\/en\/wp-json\/wp\/v2\/comments?post=9552"}],"version-history":[{"count":3,"href":"https:\/\/csiktaplocaiplebania.ro\/en\/wp-json\/wp\/v2\/pages\/9552\/revisions"}],"predecessor-version":[{"id":9736,"href":"https:\/\/csiktaplocaiplebania.ro\/en\/wp-json\/wp\/v2\/pages\/9552\/revisions\/9736"}],"up":[{"embeddable":true,"href":"https:\/\/csiktaplocaiplebania.ro\/en\/wp-json\/wp\/v2\/pages\/9268"}],"wp:attachment":[{"href":"https:\/\/csiktaplocaiplebania.ro\/en\/wp-json\/wp\/v2\/media?parent=9552"}],"curies":[{"name":"wp","href":"https:\/\/api.w.org\/{rel}","templated":true}]}}