{"id":9665,"date":"2020-02-01T21:33:26","date_gmt":"2020-02-01T21:33:26","guid":{"rendered":"http:\/\/new.csiktaplocaiplebania.ro\/?page_id=9665"},"modified":"2020-09-25T07:25:37","modified_gmt":"2020-09-25T07:25:37","slug":"egyhaztanacs","status":"publish","type":"page","link":"https:\/\/csiktaplocaiplebania.ro\/en\/kozossegi-csoportok\/egyhaztanacs\/","title":{"rendered":"Egyh\u00e1ztan\u00e1cs"},"content":{"rendered":"\n<p><strong>Cs\u00edktaploca <\/strong>  <br>  1. Mih\u00e1ly Istv\u00e1n &#8211; gondnok  <br>  2. Vass Istv\u00e1n<br>  3. Bartos Andr\u00e1s &#8211; k\u00e1ntor &#8211; jegyz\u0151  <br>  4. Andr\u00e1s \u00c1rp\u00e1d &#8211; Ferenc ifj.  <br>  5. Bot\u00e1r Imre  <br>  6. Brugger S\u00e1ndor  <br>  7. Csilip Andr\u00e1s  <br>  8. Csiby J\u00e1nos  <br>  9. Ferencz L\u00e1szl\u00f3 <br>10. Ferencz Zolt\u00e1n <br>11. Fodor Levente <br>12. Gergely M\u00e1ty\u00e1s <br>13. Gy\u00f6rgy Csaba <br>14. Gy\u00f6rgyp\u00e1l Csaba <br>15. Jakab J\u00f3zsef <br>16. J\u00e1nos L\u00e1szl\u00f3 <br>17. Kov\u00e1cs J\u00e1nos <br>18. Kolumb\u00e1n Imre <br>19. L\u00e1szl\u00f3 G\u00e1bor <br>20. Mih\u00e1ly Istv\u00e1n ifj. <br>21. Mikl\u00f3s Levente <br>22. \u271f P\u00e1l \u00d6d\u00f6n <br>23. Salamon Bal\u00e1zs <br>24. S\u00e1ndor Zolt\u00e1n <br>25. Szak\u00e1li B\u00e9la <br>26. T\u00f3th Csaba  <br>27. \u271f P\u00e9terfi Andr\u00e1s   <br>28. T\u00f3th K\u00e1lm\u00e1n <br>29. V\u00e1gassy Zolt\u00e1n <br><br><strong>Tiszteletbeli tagok:<\/strong> <br>Andr\u00e1s \u00c1rp\u00e1d id.  <br>Farkas Mih\u00e1ly <br>Lajos J\u00f3zsef <br>Radv\u00e1nszky L\u00e1szl\u00f3 <br><br><strong>Erd\u0151alja &#8211; Csiba<\/strong> <br>1. M\u00e1rton Istv\u00e1n &#8211; gondnok <br>2. Bl\u00e1ga K\u00e1roly <br>3. Farkas Zolt\u00e1n <br>4. Farkas Tibor <br>5. Nagy Istv\u00e1n <br>6. Sill\u00f3 Attila<br>7. Fik\u00f3 Ern\u0151<br> <br><strong>Tiszteletbeli tagok:<\/strong> <br>Bara Gergely <br>Farkas K\u00e1lm\u00e1n <br>Sill\u00f3 Antal <\/p>\n","protected":false},"excerpt":{"rendered":"<p>Cs\u00edktaploca 1. Mih\u00e1ly Istv\u00e1n &#8211; gondnok 2. Vass Istv\u00e1n 3. Bartos Andr\u00e1s &#8211; k\u00e1ntor &#8211; jegyz\u0151 4. Andr\u00e1s \u00c1rp\u00e1d &#8211; Ferenc ifj. 5. Bot\u00e1r Imre 6. Brugger S\u00e1ndor 7. Csilip Andr\u00e1s 8. Csiby J\u00e1nos 9. Ferencz L\u00e1szl\u00f3 10. Ferencz Zolt\u00e1n 11. Fodor Levente 12. Gergely M\u00e1ty\u00e1s 13. Gy\u00f6rgy Csaba 14. Gy\u00f6rgyp\u00e1l Csaba 15. Jakab J\u00f3zsef 16. J\u00e1nos L\u00e1szl\u00f3 17. Kov\u00e1cs J\u00e1nos 18. Kolumb\u00e1n Imre 19. L\u00e1szl\u00f3 G\u00e1bor 20. Mih\u00e1ly Istv\u00e1n ifj. 21. Mikl\u00f3s Levente 22. \u271f P\u00e1l \u00d6d\u00f6n 23. Salamon Bal\u00e1zs 24. S\u00e1ndor Zolt\u00e1n 25. Szak\u00e1li B\u00e9la 26. T\u00f3th Csaba 27. \u271f P\u00e9terfi Andr\u00e1s 28. T\u00f3th K\u00e1lm\u00e1n 29. V\u00e1gassy Zolt\u00e1n Tiszteletbeli tagok: Andr\u00e1s \u00c1rp\u00e1d id. Farkas Mih\u00e1ly Lajos J\u00f3zsef Radv\u00e1nszky L\u00e1szl\u00f3 Erd\u0151alja &#8211; Csiba 1. M\u00e1rton Istv\u00e1n &#8211; gondnok 2. Bl\u00e1ga K\u00e1roly 3. Farkas Zolt\u00e1n 4. Farkas Tibor 5. Nagy Istv\u00e1n 6. Sill\u00f3 Attila7. Fik\u00f3 Ern\u0151 Tiszteletbeli tagok: Bara Gergely Farkas K\u00e1lm\u00e1n Sill\u00f3 Antal<\/p>\n","protected":false},"author":1,"featured_media":0,"parent":9278,"menu_order":1,"comment_status":"closed","ping_status":"closed","template":"","meta":{"footnotes":""},"class_list":["post-9665","page","type-page","status-publish","hentry"],"_links":{"self":[{"href":"https:\/\/csiktaplocaiplebania.ro\/en\/wp-json\/wp\/v2\/pages\/9665","targetHints":{"allow":["GET"]}}],"collection":[{"href":"https:\/\/csiktaplocaiplebania.ro\/en\/wp-json\/wp\/v2\/pages"}],"about":[{"href":"https:\/\/csiktaplocaiplebania.ro\/en\/wp-json\/wp\/v2\/types\/page"}],"author":[{"embeddable":true,"href":"https:\/\/csiktaplocaiplebania.ro\/en\/wp-json\/wp\/v2\/users\/1"}],"replies":[{"embeddable":true,"href":"https:\/\/csiktaplocaiplebania.ro\/en\/wp-json\/wp\/v2\/comments?post=9665"}],"version-history":[{"count":4,"href":"https:\/\/csiktaplocaiplebania.ro\/en\/wp-json\/wp\/v2\/pages\/9665\/revisions"}],"predecessor-version":[{"id":10360,"href":"https:\/\/csiktaplocaiplebania.ro\/en\/wp-json\/wp\/v2\/pages\/9665\/revisions\/10360"}],"up":[{"embeddable":true,"href":"https:\/\/csiktaplocaiplebania.ro\/en\/wp-json\/wp\/v2\/pages\/9278"}],"wp:attachment":[{"href":"https:\/\/csiktaplocaiplebania.ro\/en\/wp-json\/wp\/v2\/media?parent=9665"}],"curies":[{"name":"wp","href":"https:\/\/api.w.org\/{rel}","templated":true}]}}