{"id":9667,"date":"2020-02-01T21:34:42","date_gmt":"2020-02-01T21:34:42","guid":{"rendered":"http:\/\/new.csiktaplocaiplebania.ro\/?page_id=9667"},"modified":"2020-02-01T21:35:13","modified_gmt":"2020-02-01T21:35:13","slug":"korus","status":"publish","type":"page","link":"https:\/\/csiktaplocaiplebania.ro\/en\/kozossegi-csoportok\/korus\/","title":{"rendered":"K\u00f3rus"},"content":{"rendered":"\n<p>\u201e Az \u00e9nek bens\u0151s\u00e9gesebben fejezi ki az im\u00e1ds\u00e1got, n\u00f6veli a lelkek egys\u00e9g\u00e9t, gazdag\u00edtja \u00e9s \u00fcnnep\u00e9lyesebb\u00e9 teszi a szent szertart\u00e1sokat.\u201d (II.Vatik\u00e1ni Zsinat) \u00a0\u00a0\u00a0\u00a0<br>K\u00f3rusunk 1972-ben \u00fajraalakult P\u00e9terfi Andr\u00e1s k\u00e1ntor vezet\u00e9s\u00e9vel. A tagok sz\u00e1ma az \u00e9vek sor\u00e1n v\u00e1ltozott\/v\u00e1ltozik. Legt\u00f6bb tev\u00e9kenys\u00e9g a templomban zajlik, f\u0151leg nagyobb \u00fcnnepeken. 1995-ben Cs\u00edkszentomokoson ker\u00fclt sor az els\u0151 egyh\u00e1zi k\u00f3rustal\u00e1lkoz\u00f3ra a felcs\u00edki esperesi ker\u00fclet egyh\u00e1zk\u00f6zs\u00e9geinek sz\u00e1m\u00e1ra, a k\u00f3rusunk az\u00f3ta is r\u00e9szt vesz minden \u00e9vben ezen tal\u00e1lkoz\u00f3kon. <\/p>\n\n\n\n<figure class=\"wp-block-image\"><img decoding=\"async\" src=\"https:\/\/media.szekelyhon.ro\/pictures\/csik\/aktualis\/2017\/09_aprilis\/o_felcsiki-egyhazi-korustalalkozo-pnt-8.jpg\" alt=\"\"\/><\/figure>\n\n\n\n<p>Jelenleg a k\u00f3rusunk 29 tagbol \u00e1ll &#8211; Bartos Andr\u00e1s k\u00e1ntor vezet\u00e9s\u00e9vel.<br>\n<\/p>\n\n\n\n<p>Szopr\u00e1n: D\u00e1vid Katalin, Er\u00f6s Em\u0151ke, Fiko Olga, Gy\u00f6rgy Kl\u00e1ra, Majd\u00e1n Csilla, P\u00e1l Gabriella, Ozsv\u00e1th Em\u0151ke, T\u00f3th Em\u0151ke. <\/p>\n\n\n\n<p>Alt: Adorj\u00e1n Kl\u00e1ra, Andr\u00e1s M\u00e1ria, Ferencz Julianna, Ozsv\u00e1th Annam\u00e1ria, Sz\u0151cs \u00c1gnes Piroska, Vitos Imola. <\/p>\n\n\n\n<p>Tenor: Andr\u00e1s Guszt\u00e1v Imre, D\u00e1vid Istv\u00e1n, Er\u00f6s Szil\u00e1rd, Ferencz Zolt\u00e1n, Gy\u00f6rgy Csaba, Ozsv\u00e1th Endre, Kerekes P\u00e9ter. <\/p>\n\n\n\n<p>Basszus: Csisz\u00e9r Attila, Hanner F\u00e9lix, Jakab J\u00f3zsef, Mih\u00e1ly Imre, Szab\u00f3 Jen\u0151, P\u00e1ll-Tank\u00f3 R\u00f3bert, Balogh \u00c1ron, Paradica Dezs\u0151<\/p>\n","protected":false},"excerpt":{"rendered":"<p>\u201e Az \u00e9nek bens\u0151s\u00e9gesebben fejezi ki az im\u00e1ds\u00e1got, n\u00f6veli a lelkek egys\u00e9g\u00e9t, gazdag\u00edtja \u00e9s \u00fcnnep\u00e9lyesebb\u00e9 teszi a szent szertart\u00e1sokat.\u201d (II.Vatik\u00e1ni Zsinat) \u00a0\u00a0\u00a0\u00a0K\u00f3rusunk 1972-ben \u00fajraalakult P\u00e9terfi Andr\u00e1s k\u00e1ntor vezet\u00e9s\u00e9vel. A tagok sz\u00e1ma az \u00e9vek sor\u00e1n v\u00e1ltozott\/v\u00e1ltozik. Legt\u00f6bb tev\u00e9kenys\u00e9g a templomban zajlik, f\u0151leg nagyobb \u00fcnnepeken. 1995-ben Cs\u00edkszentomokoson ker\u00fclt sor az els\u0151 egyh\u00e1zi k\u00f3rustal\u00e1lkoz\u00f3ra a felcs\u00edki esperesi ker\u00fclet egyh\u00e1zk\u00f6zs\u00e9geinek sz\u00e1m\u00e1ra, a k\u00f3rusunk az\u00f3ta is r\u00e9szt vesz minden \u00e9vben ezen tal\u00e1lkoz\u00f3kon. Jelenleg a k\u00f3rusunk 29 tagbol \u00e1ll &#8211; Bartos Andr\u00e1s k\u00e1ntor vezet\u00e9s\u00e9vel. Szopr\u00e1n: D\u00e1vid Katalin, Er\u00f6s Em\u0151ke, Fiko Olga, Gy\u00f6rgy Kl\u00e1ra, Majd\u00e1n Csilla, P\u00e1l Gabriella, Ozsv\u00e1th Em\u0151ke, T\u00f3th Em\u0151ke. Alt: Adorj\u00e1n Kl\u00e1ra, Andr\u00e1s M\u00e1ria, Ferencz Julianna, Ozsv\u00e1th Annam\u00e1ria, Sz\u0151cs \u00c1gnes Piroska, Vitos Imola. Tenor: Andr\u00e1s Guszt\u00e1v Imre, D\u00e1vid Istv\u00e1n, Er\u00f6s Szil\u00e1rd, Ferencz Zolt\u00e1n, Gy\u00f6rgy Csaba, Ozsv\u00e1th Endre, Kerekes P\u00e9ter. Basszus: Csisz\u00e9r Attila, Hanner F\u00e9lix, Jakab J\u00f3zsef, Mih\u00e1ly Imre, Szab\u00f3 Jen\u0151, P\u00e1ll-Tank\u00f3 R\u00f3bert, Balogh \u00c1ron, Paradica Dezs\u0151<\/p>\n","protected":false},"author":1,"featured_media":0,"parent":9278,"menu_order":2,"comment_status":"closed","ping_status":"closed","template":"","meta":{"footnotes":""},"class_list":["post-9667","page","type-page","status-publish","hentry"],"_links":{"self":[{"href":"https:\/\/csiktaplocaiplebania.ro\/en\/wp-json\/wp\/v2\/pages\/9667","targetHints":{"allow":["GET"]}}],"collection":[{"href":"https:\/\/csiktaplocaiplebania.ro\/en\/wp-json\/wp\/v2\/pages"}],"about":[{"href":"https:\/\/csiktaplocaiplebania.ro\/en\/wp-json\/wp\/v2\/types\/page"}],"author":[{"embeddable":true,"href":"https:\/\/csiktaplocaiplebania.ro\/en\/wp-json\/wp\/v2\/users\/1"}],"replies":[{"embeddable":true,"href":"https:\/\/csiktaplocaiplebania.ro\/en\/wp-json\/wp\/v2\/comments?post=9667"}],"version-history":[{"count":2,"href":"https:\/\/csiktaplocaiplebania.ro\/en\/wp-json\/wp\/v2\/pages\/9667\/revisions"}],"predecessor-version":[{"id":9669,"href":"https:\/\/csiktaplocaiplebania.ro\/en\/wp-json\/wp\/v2\/pages\/9667\/revisions\/9669"}],"up":[{"embeddable":true,"href":"https:\/\/csiktaplocaiplebania.ro\/en\/wp-json\/wp\/v2\/pages\/9278"}],"wp:attachment":[{"href":"https:\/\/csiktaplocaiplebania.ro\/en\/wp-json\/wp\/v2\/media?parent=9667"}],"curies":[{"name":"wp","href":"https:\/\/api.w.org\/{rel}","templated":true}]}}