{"id":9670,"date":"2020-02-01T21:36:55","date_gmt":"2020-02-01T21:36:55","guid":{"rendered":"http:\/\/new.csiktaplocaiplebania.ro\/?page_id=9670"},"modified":"2020-02-01T21:37:01","modified_gmt":"2020-02-01T21:37:01","slug":"rozsafuzer-tarsulatoknoiferfi","status":"publish","type":"page","link":"https:\/\/csiktaplocaiplebania.ro\/en\/kozossegi-csoportok\/rozsafuzer-tarsulatoknoiferfi\/","title":{"rendered":"R\u0151zsaf\u0171z\u00e9r t\u00e1rsulatok(n\u0151i,f\u00e9rfi)"},"content":{"rendered":"\n<p>\nA r\u00f3zsaf\u00fcz\u00e9r im\u00e1dkoz\u00e1s\u00e1val Isten Anyj\u00e1t tisztelj\u00fck \u00e9s megv\u00e1lt\u00e1sunk titkaira eml\u00e9kez\u00fcnk.\nPl\u00e9b\u00e1ni\u00e1nkon f\u00e9rfi \u00e9s n\u0151i csoportok vannak, melynek tagjai elk\u00f6telezik magukat a R\u00f3zsaf\u00fcz\u00e9r naponk\u00e9nti im\u00e1dkoz\u00e1s\u00e1val, esetenk\u00e9nt szentmis\u00e9k megkezd\u00e9se el\u0151tt im\u00e1dkozz\u00e1k.\n<\/p>\n","protected":false},"excerpt":{"rendered":"<p>A r\u00f3zsaf\u00fcz\u00e9r im\u00e1dkoz\u00e1s\u00e1val Isten Anyj\u00e1t tisztelj\u00fck \u00e9s megv\u00e1lt\u00e1sunk titkaira eml\u00e9kez\u00fcnk. Pl\u00e9b\u00e1ni\u00e1nkon f\u00e9rfi \u00e9s n\u0151i csoportok vannak, melynek tagjai elk\u00f6telezik magukat a R\u00f3zsaf\u00fcz\u00e9r naponk\u00e9nti im\u00e1dkoz\u00e1s\u00e1val, esetenk\u00e9nt szentmis\u00e9k megkezd\u00e9se el\u0151tt im\u00e1dkozz\u00e1k.<\/p>\n","protected":false},"author":1,"featured_media":0,"parent":9278,"menu_order":3,"comment_status":"closed","ping_status":"closed","template":"","meta":{"footnotes":""},"class_list":["post-9670","page","type-page","status-publish","hentry"],"_links":{"self":[{"href":"https:\/\/csiktaplocaiplebania.ro\/en\/wp-json\/wp\/v2\/pages\/9670","targetHints":{"allow":["GET"]}}],"collection":[{"href":"https:\/\/csiktaplocaiplebania.ro\/en\/wp-json\/wp\/v2\/pages"}],"about":[{"href":"https:\/\/csiktaplocaiplebania.ro\/en\/wp-json\/wp\/v2\/types\/page"}],"author":[{"embeddable":true,"href":"https:\/\/csiktaplocaiplebania.ro\/en\/wp-json\/wp\/v2\/users\/1"}],"replies":[{"embeddable":true,"href":"https:\/\/csiktaplocaiplebania.ro\/en\/wp-json\/wp\/v2\/comments?post=9670"}],"version-history":[{"count":1,"href":"https:\/\/csiktaplocaiplebania.ro\/en\/wp-json\/wp\/v2\/pages\/9670\/revisions"}],"predecessor-version":[{"id":9673,"href":"https:\/\/csiktaplocaiplebania.ro\/en\/wp-json\/wp\/v2\/pages\/9670\/revisions\/9673"}],"up":[{"embeddable":true,"href":"https:\/\/csiktaplocaiplebania.ro\/en\/wp-json\/wp\/v2\/pages\/9278"}],"wp:attachment":[{"href":"https:\/\/csiktaplocaiplebania.ro\/en\/wp-json\/wp\/v2\/media?parent=9670"}],"curies":[{"name":"wp","href":"https:\/\/api.w.org\/{rel}","templated":true}]}}