{"id":9675,"date":"2020-02-01T21:55:27","date_gmt":"2020-02-01T21:55:27","guid":{"rendered":"http:\/\/new.csiktaplocaiplebania.ro\/?page_id=9675"},"modified":"2020-02-01T21:55:30","modified_gmt":"2020-02-01T21:55:30","slug":"elsopenteki-nagykilenced","status":"publish","type":"page","link":"https:\/\/csiktaplocaiplebania.ro\/en\/elsopenteki-nagykilenced\/","title":{"rendered":"ELS\u0150P\u00c9NTEKI NAGYKILENCED"},"content":{"rendered":"\n<p>Alacoque\n Szent Margitnak a XVII. sz\u00e1zadban J\u00e9zus 12 \u00edg\u00e9retet tett. A \nnagykilenceddel kapcsolatos \u00edg\u00e9ret \u00edgy sz\u00f3l: \u201eSz\u00edvem hat\u00e1rtalan \nirgalmass\u00e1g\u00e1ban meg\u00edg\u00e9rem neked, hogy Sz\u00edvem mindenhat\u00f3 szeretete \nmegadja a v\u00e9gs\u0151 b\u0171nb\u00e1nat kegyelm\u00e9t mindazoknak, <strong>akik kilenc egym\u00e1s \nut\u00e1ni h\u00f3nap els\u0151 p\u00e9ntekj\u00e9n meg\u00e1ldoznak. Nem halnak meg kegyelem n\u00e9lk\u00fcl, \nse a nekik sz\u00fcks\u00e9ges szents\u00e9gek v\u00e9tele n\u00e9lk\u00fcl. Isteni Sz\u00edvem biztos \nmened\u00e9k\u00fck lesz az utols\u00f3 pillanatban\u201d.<\/strong> Mit kell h\u00e1t tenni? Kilenc egym\u00e1s ut\u00e1ni els\u0151 p\u00e9nteken meg\u00e1ldozni.<\/p>\n\n\n\n<p>Mit\n jelent az, hogy J\u00e9zus Sz\u00edve \u201ebiztos mened\u00e9k\u00fck lesz az utols\u00f3 \npillanatban\u201d? Aki elv\u00e9gezte a nagykilencedet, megkapja a v\u00e9gs\u0151 t\u00f6k\u00e9letes\n b\u00e1nat kegyelm\u00e9t, ha m\u00e1sk\u00e9nt nem megy, akkor az \u00dar gondoskodik arr\u00f3l, \nhogy a sz\u00fcks\u00e9ges szents\u00e9gekhez eljusson, teh\u00e1t megkapja a feloldoz\u00e1st, a\n szent \u00fatraval\u00f3t, a betegek kenet\u00e9t. Ez az \u00dar J\u00e9zus legnagyobb \nbiztat\u00e1sa, ami egy ember sz\u00e1m\u00e1ra l\u00e9tezhet, hiszen az \u00fcdv\u00f6ss\u00e9g\u00fcnkn\u00e9l \nnincs fontosabb!\u201d<\/p>\n\n\n\n<p>Az els\u0151p\u00e9ntek megtart\u00e1s\u00e1nak hagyom\u00e1nyos form\u00e1ja a <strong>minden h\u00f3nap els\u0151 p\u00e9ntek\u00e9n val\u00f3 szent\u00e1ldoz\u00e1s, \u00e9s ha sz\u00fcks\u00e9ges, akkor szentgy\u00f3n\u00e1s elv\u00e9gz\u00e9se.<\/strong><\/p>\n\n\n\n<p>J\u00e9zus 12 \u00edg\u00e9rete azok jav\u00e1ra, akik hittel szeretik, tisztelik \u00e9s szolg\u00e1lj\u00e1k az \u0150 isteni Sz\u00edv\u00e9t.<\/p>\n\n\n\n<ol class=\"wp-block-list\"><li><a href=\"http:\/\/pestiferences.ferences.eu\/wp-content\/uploads\/2019\/12\/Jezus_Szive.jpg\"><\/a>Megadom nekik az \u00e1llapotukhoz sz\u00fcks\u00e9ges kegyelmeket.<\/li><li>Csal\u00e1djaiknak megadom a b\u00e9k\u00e9t.<\/li><li>Minden b\u00e1natukban megvigasztalom \u0151ket.<\/li><li>\u00c9let\u00fckben \u00e9s k\u00fcl\u00f6n\u00f6sen hal\u00e1luk \u00f3r\u00e1j\u00e1n biztos mened\u00e9k\u00fck leszek.<\/li><li>Minden v\u00e1llalkoz\u00e1sukat meg\u00e1ldom.<\/li><li>A b\u0171n\u00f6s\u00f6k sz\u00edvemben megtal\u00e1lj\u00e1k az irgalom forr\u00e1s\u00e1t \u00e9s v\u00e9g n\u00e9lk\u00fcli tenger\u00e9t.<\/li><li>A lanyha lelkek buzg\u00f3kk\u00e1 lesznek.<\/li><li>A buzg\u00f3 lelkek nagy t\u00f6k\u00e9letess\u00e9gre jutnak.<\/li><li>Meg\u00e1ldom a h\u00e1zakat, ahol Sz\u00edvem k\u00e9p\u00e9t kif\u00fcggesztik.<\/li><li>Azoknak, akik a lelkek megment\u00e9s\u00e9n dolgoznak, olyan er\u0151t adok, hogy m\u00e9g a legmegr\u00f6gz\u00f6ttebb b\u0171n\u00f6s\u00f6ket is megt\u00e9r\u00edtik.<\/li><li>Azok neveit, akik ezt az \u00e1jtatoss\u00e1got terjesztik, sz\u00edvembe \u00edrom, \u00e9s onnan soha ki nem t\u00f6rl\u00f6m.<\/li><li><strong>Mindazok,\n akik kilenc egym\u00e1s ut\u00e1ni h\u00f3nap els\u0151 p\u00e9ntekj\u00e9n meg\u00e1ldoznak, azok nem \nhalnak meg kegyelem n\u00e9lk\u00fcl, se a nekik sz\u00fcks\u00e9ges szents\u00e9gek v\u00e9tele \nn\u00e9lk\u00fcl. Isteni Sz\u00edvem biztos mened\u00e9k\u00fck lesz az utols\u00f3 pillanatban\u201d.<\/strong><\/li><\/ol>\n","protected":false},"excerpt":{"rendered":"<p>Alacoque Szent Margitnak a XVII. sz\u00e1zadban J\u00e9zus 12 \u00edg\u00e9retet tett. A nagykilenceddel kapcsolatos \u00edg\u00e9ret \u00edgy sz\u00f3l: \u201eSz\u00edvem hat\u00e1rtalan irgalmass\u00e1g\u00e1ban meg\u00edg\u00e9rem neked, hogy Sz\u00edvem mindenhat\u00f3 szeretete megadja a v\u00e9gs\u0151 b\u0171nb\u00e1nat kegyelm\u00e9t mindazoknak, akik kilenc egym\u00e1s ut\u00e1ni h\u00f3nap els\u0151 p\u00e9ntekj\u00e9n meg\u00e1ldoznak. Nem halnak meg kegyelem n\u00e9lk\u00fcl, se a nekik sz\u00fcks\u00e9ges szents\u00e9gek v\u00e9tele n\u00e9lk\u00fcl. Isteni Sz\u00edvem biztos mened\u00e9k\u00fck lesz az utols\u00f3 pillanatban\u201d. Mit kell h\u00e1t tenni? Kilenc egym\u00e1s ut\u00e1ni els\u0151 p\u00e9nteken meg\u00e1ldozni. Mit jelent az, hogy J\u00e9zus Sz\u00edve \u201ebiztos mened\u00e9k\u00fck lesz az utols\u00f3 pillanatban\u201d? Aki elv\u00e9gezte a nagykilencedet, megkapja a v\u00e9gs\u0151 t\u00f6k\u00e9letes b\u00e1nat kegyelm\u00e9t, ha m\u00e1sk\u00e9nt nem megy, akkor az \u00dar gondoskodik arr\u00f3l, hogy a sz\u00fcks\u00e9ges szents\u00e9gekhez eljusson, teh\u00e1t megkapja a feloldoz\u00e1st, a szent \u00fatraval\u00f3t, a betegek kenet\u00e9t. Ez az \u00dar J\u00e9zus legnagyobb biztat\u00e1sa, ami egy ember sz\u00e1m\u00e1ra l\u00e9tezhet, hiszen az \u00fcdv\u00f6ss\u00e9g\u00fcnkn\u00e9l nincs fontosabb!\u201d Az els\u0151p\u00e9ntek megtart\u00e1s\u00e1nak hagyom\u00e1nyos form\u00e1ja a minden h\u00f3nap els\u0151 p\u00e9ntek\u00e9n val\u00f3 szent\u00e1ldoz\u00e1s, \u00e9s ha sz\u00fcks\u00e9ges, akkor szentgy\u00f3n\u00e1s elv\u00e9gz\u00e9se. J\u00e9zus 12 \u00edg\u00e9rete azok jav\u00e1ra, akik hittel szeretik, tisztelik \u00e9s szolg\u00e1lj\u00e1k az \u0150 isteni Sz\u00edv\u00e9t. Megadom nekik az \u00e1llapotukhoz sz\u00fcks\u00e9ges kegyelmeket. Csal\u00e1djaiknak megadom a b\u00e9k\u00e9t. Minden b\u00e1natukban megvigasztalom \u0151ket. \u00c9let\u00fckben \u00e9s k\u00fcl\u00f6n\u00f6sen hal\u00e1luk \u00f3r\u00e1j\u00e1n biztos mened\u00e9k\u00fck leszek. Minden v\u00e1llalkoz\u00e1sukat meg\u00e1ldom. A b\u0171n\u00f6s\u00f6k sz\u00edvemben megtal\u00e1lj\u00e1k az irgalom forr\u00e1s\u00e1t \u00e9s v\u00e9g n\u00e9lk\u00fcli tenger\u00e9t. A lanyha lelkek buzg\u00f3kk\u00e1 lesznek. A buzg\u00f3 lelkek nagy t\u00f6k\u00e9letess\u00e9gre jutnak. Meg\u00e1ldom a h\u00e1zakat, ahol Sz\u00edvem k\u00e9p\u00e9t kif\u00fcggesztik. Azoknak, akik a lelkek megment\u00e9s\u00e9n dolgoznak, olyan er\u0151t adok, hogy m\u00e9g a legmegr\u00f6gz\u00f6ttebb b\u0171n\u00f6s\u00f6ket is megt\u00e9r\u00edtik. Azok neveit, akik ezt az \u00e1jtatoss\u00e1got terjesztik, sz\u00edvembe \u00edrom, \u00e9s onnan soha ki nem t\u00f6rl\u00f6m. Mindazok, akik kilenc egym\u00e1s ut\u00e1ni h\u00f3nap els\u0151 p\u00e9ntekj\u00e9n meg\u00e1ldoznak, azok nem halnak meg kegyelem n\u00e9lk\u00fcl, se a nekik sz\u00fcks\u00e9ges szents\u00e9gek v\u00e9tele n\u00e9lk\u00fcl. Isteni Sz\u00edvem biztos mened\u00e9k\u00fck lesz az utols\u00f3 pillanatban\u201d.<\/p>\n","protected":false},"author":1,"featured_media":9676,"parent":0,"menu_order":0,"comment_status":"closed","ping_status":"closed","template":"","meta":{"footnotes":""},"class_list":["post-9675","page","type-page","status-publish","has-post-thumbnail","hentry"],"_links":{"self":[{"href":"https:\/\/csiktaplocaiplebania.ro\/en\/wp-json\/wp\/v2\/pages\/9675","targetHints":{"allow":["GET"]}}],"collection":[{"href":"https:\/\/csiktaplocaiplebania.ro\/en\/wp-json\/wp\/v2\/pages"}],"about":[{"href":"https:\/\/csiktaplocaiplebania.ro\/en\/wp-json\/wp\/v2\/types\/page"}],"author":[{"embeddable":true,"href":"https:\/\/csiktaplocaiplebania.ro\/en\/wp-json\/wp\/v2\/users\/1"}],"replies":[{"embeddable":true,"href":"https:\/\/csiktaplocaiplebania.ro\/en\/wp-json\/wp\/v2\/comments?post=9675"}],"version-history":[{"count":1,"href":"https:\/\/csiktaplocaiplebania.ro\/en\/wp-json\/wp\/v2\/pages\/9675\/revisions"}],"predecessor-version":[{"id":9677,"href":"https:\/\/csiktaplocaiplebania.ro\/en\/wp-json\/wp\/v2\/pages\/9675\/revisions\/9677"}],"wp:featuredmedia":[{"embeddable":true,"href":"https:\/\/csiktaplocaiplebania.ro\/en\/wp-json\/wp\/v2\/media\/9676"}],"wp:attachment":[{"href":"https:\/\/csiktaplocaiplebania.ro\/en\/wp-json\/wp\/v2\/media?parent=9675"}],"curies":[{"name":"wp","href":"https:\/\/api.w.org\/{rel}","templated":true}]}}