{"id":9788,"date":"2020-02-04T11:44:00","date_gmt":"2020-02-04T11:44:00","guid":{"rendered":"http:\/\/csiktaplocaiplebania.ro\/?page_id=9788"},"modified":"2020-02-04T12:20:55","modified_gmt":"2020-02-04T12:20:55","slug":"kapcsolat","status":"publish","type":"page","link":"https:\/\/csiktaplocaiplebania.ro\/en\/kapcsolat\/","title":{"rendered":"Kapcsolat"},"content":{"rendered":"[vc_row][vc_column width=&#8221;7\/12&#8243;]<div class=\"sub-content\"><h6 class=\"h-sub-content\">K\u00fcldhet \u00fczenetet nek\u00fcnk itt is<\/h6><\/div>\n<div class=\"contact-form\">\n\t<form action=\"#\" method=\"POST\" id=\"contact-form\" class=\"frmContact container\" role=\"form\" novalidate>\n\t\t<div class=\"col-md-6\">\t\t\t\n\t\t\t<input type=\"text\" name=\"cName\" id=\"txtName\" placeholder=\"N\u00e9v\" value=\"\" \/>\n\t\t\t\n\t\t\t<input  type=\"text\" name=\"cEmail\" id=\"txtEmail\" placeholder=\"E-mail\" value=\"\" \/>\n\t\t\t\n\t\t\t<input name=\"cSubject\" type=\"text\" id=\"txtSubject\" placeholder=\"T\u00e9ma\" value=\"\" \/>\n\n\t\t<\/div><div class=\"col-md-6\">\t\t \n\t\t\t<textarea name=\"cMessage\" id=\"txtText\" placeholder=\"\u00dczenet\" cols=\"40\" rows=\"10\"><\/textarea>\n\t\t\t\n\t\t\t\n\t\t\t<input type=\"hidden\" name=\"is-submitted\" id=\"is-submitted\" value=\"true\">\n\t\t\t<button type=\"submit\" class=\"btnSend\" >K\u00fcld\u00e9s<\/button>\n\n\t\t\t\n\t\t<\/div>\t<\/form>\n<\/div>\n\n[\/vc_column][vc_column width=&#8221;1\/12&#8243;][\/vc_column][vc_column width=&#8221;1\/3&#8243;]<div class=\"sub-content\"><h6 class=\"h-sub-content\">El\u00e9rhet\u0151s\u00e9g<\/h6><\/div>[vc_column_text]\n<h5><strong>Pl\u00e9b\u00e1niahivatal:<\/strong><\/h5>\n<p>530240 \u2013 Cs\u00edkszereda, Taploca utca 110. sz\u00e1m<\/p>\n<h5><strong>Telefon:<\/strong><\/h5>\n<p>+4- 0266-371.361<\/p>\n<h5><strong>Czik\u00f3 L\u00e1szl\u00f3 id.<\/strong> pl\u00e9b\u00e1nos<\/h5>\n<p><strong>e-mail c\u00edm:<\/strong> laszlo.cziko@gmail.com<br \/>\n<strong>mobil: <\/strong>0722-864.332[\/vc_column_text][\/vc_column][\/vc_row][vc_row][vc_column][vc_gmaps link=&#8221;#E-8_JTNDaWZyYW1lJTIwc3JjJTNEJTIyaHR0cHMlM0ElMkYlMkZ3d3cuZ29vZ2xlLmNvbSUyRm1hcHMlMkZlbWJlZCUzRnBiJTNEJTIxMW0xOCUyMTFtMTIlMjExbTMlMjExZDI3NTIuNTcwMTk5MDY3NTk1JTIxMmQyNS44MDA2NjcwMDA5ODEyMyUyMTNkNDYuMzc3OTE0NzkyNjE4NjYlMjEybTMlMjExZjAlMjEyZjAlMjEzZjAlMjEzbTIlMjExaTEwMjQlMjEyaTc2OCUyMTRmMTMuMSUyMTNtMyUyMTFtMiUyMTFzMHg0NzRhZDVmZWEwOTM0OWRmJTI1M0EweDhjOGUyYmQzZDM2NzcxMzMlMjEyc0Jpc2VyaWNhJTI1MjBUb3BsaSUyNUM4JTI1OUJhJTI1MjAtJTI1MjBDaXVjJTIxNWUwJTIxM20yJTIxMXNlbiUyMTJzcm8lMjE0djE1ODA4MTg4MDI2NDglMjE1bTIlMjExc2VuJTIxMnNybyUyMiUyMHdpZHRoJTNEJTIyNjAwJTIyJTIwaGVpZ2h0JTNEJTIyNDUwJTIyJTIwZnJhbWVib3JkZXIlM0QlMjIwJTIyJTIwc3R5bGUlM0QlMjJib3JkZXIlM0EwJTNCJTIyJTIwYWxsb3dmdWxsc2NyZWVuJTNEJTIyJTIyJTNFJTNDJTJGaWZyYW1lJTNF&#8221;][\/vc_column][\/vc_row]\n","protected":false},"excerpt":{"rendered":"<p>[vc_row][vc_column width=&#8221;7\/12&#8243;][\/vc_column][vc_column width=&#8221;1\/12&#8243;][\/vc_column][vc_column width=&#8221;1\/3&#8243;][vc_column_text] Pl\u00e9b\u00e1niahivatal: 530240 \u2013 Cs\u00edkszereda, Taploca utca 110. sz\u00e1m Telefon: +4- 0266-371.361 Czik\u00f3 L\u00e1szl\u00f3 id. pl\u00e9b\u00e1nos e-mail c\u00edm: laszlo.cziko@gmail.com mobil: 0722-864.332[\/vc_column_text][\/vc_column][\/vc_row][vc_row][vc_column][vc_gmaps link=&#8221;#E-8_JTNDaWZyYW1lJTIwc3JjJTNEJTIyaHR0cHMlM0ElMkYlMkZ3d3cuZ29vZ2xlLmNvbSUyRm1hcHMlMkZlbWJlZCUzRnBiJTNEJTIxMW0xOCUyMTFtMTIlMjExbTMlMjExZDI3NTIuNTcwMTk5MDY3NTk1JTIxMmQyNS44MDA2NjcwMDA5ODEyMyUyMTNkNDYuMzc3OTE0NzkyNjE4NjYlMjEybTMlMjExZjAlMjEyZjAlMjEzZjAlMjEzbTIlMjExaTEwMjQlMjEyaTc2OCUyMTRmMTMuMSUyMTNtMyUyMTFtMiUyMTFzMHg0NzRhZDVmZWEwOTM0OWRmJTI1M0EweDhjOGUyYmQzZDM2NzcxMzMlMjEyc0Jpc2VyaWNhJTI1MjBUb3BsaSUyNUM4JTI1OUJhJTI1MjAtJTI1MjBDaXVjJTIxNWUwJTIxM20yJTIxMXNlbiUyMTJzcm8lMjE0djE1ODA4MTg4MDI2NDglMjE1bTIlMjExc2VuJTIxMnNybyUyMiUyMHdpZHRoJTNEJTIyNjAwJTIyJTIwaGVpZ2h0JTNEJTIyNDUwJTIyJTIwZnJhbWVib3JkZXIlM0QlMjIwJTIyJTIwc3R5bGUlM0QlMjJib3JkZXIlM0EwJTNCJTIyJTIwYWxsb3dmdWxsc2NyZWVuJTNEJTIyJTIyJTNFJTNDJTJGaWZyYW1lJTNF&#8221;][\/vc_column][\/vc_row]<\/p>\n","protected":false},"author":1,"featured_media":0,"parent":0,"menu_order":0,"comment_status":"closed","ping_status":"closed","template":"","meta":{"footnotes":""},"class_list":["post-9788","page","type-page","status-publish","hentry"],"_links":{"self":[{"href":"https:\/\/csiktaplocaiplebania.ro\/en\/wp-json\/wp\/v2\/pages\/9788","targetHints":{"allow":["GET"]}}],"collection":[{"href":"https:\/\/csiktaplocaiplebania.ro\/en\/wp-json\/wp\/v2\/pages"}],"about":[{"href":"https:\/\/csiktaplocaiplebania.ro\/en\/wp-json\/wp\/v2\/types\/page"}],"author":[{"embeddable":true,"href":"https:\/\/csiktaplocaiplebania.ro\/en\/wp-json\/wp\/v2\/users\/1"}],"replies":[{"embeddable":true,"href":"https:\/\/csiktaplocaiplebania.ro\/en\/wp-json\/wp\/v2\/comments?post=9788"}],"version-history":[{"count":2,"href":"https:\/\/csiktaplocaiplebania.ro\/en\/wp-json\/wp\/v2\/pages\/9788\/revisions"}],"predecessor-version":[{"id":9790,"href":"https:\/\/csiktaplocaiplebania.ro\/en\/wp-json\/wp\/v2\/pages\/9788\/revisions\/9790"}],"wp:attachment":[{"href":"https:\/\/csiktaplocaiplebania.ro\/en\/wp-json\/wp\/v2\/media?parent=9788"}],"curies":[{"name":"wp","href":"https:\/\/api.w.org\/{rel}","templated":true}]}}